{"id":19003,"date":"2022-01-04T08:53:41","date_gmt":"2022-01-04T11:53:41","guid":{"rendered":"https:\/\/www.museuhistoricosl.com.br\/loja\/produto\/sl030-fd-0065\/"},"modified":"2022-01-04T08:53:41","modified_gmt":"2022-01-04T11:53:41","slug":"sl030-fd-0065","status":"publish","type":"product","link":"https:\/\/www.museuhistoricosl.com.br\/loja\/produto\/sl030-fd-0065\/","title":{"rendered":"SL030-FD-0065"},"content":{"rendered":"<p>Elei\u00e7\u00f5es 1992, Gin\u00e1sio Municipal; Elei\u00e7\u00f5es; <\/p>\n","protected":false},"excerpt":{"rendered":"<p>Elei\u00e7\u00f5es 1992, Gin\u00e1sio Municipal; Elei\u00e7\u00f5es;<\/p>\n","protected":false},"featured_media":19002,"comment_status":"open","ping_status":"closed","template":"","meta":{"_acf_changed":false},"product_cat":[38],"product_tag":[],"class_list":["post-19003","product","type-product","status-publish","has-post-thumbnail","hentry","product_cat-eleicoes"],"acf":[],"_links":{"self":[{"href":"https:\/\/www.museuhistoricosl.com.br\/loja\/wp-json\/wp\/v2\/product\/19003","targetHints":{"allow":["GET"]}}],"collection":[{"href":"https:\/\/www.museuhistoricosl.com.br\/loja\/wp-json\/wp\/v2\/product"}],"about":[{"href":"https:\/\/www.museuhistoricosl.com.br\/loja\/wp-json\/wp\/v2\/types\/product"}],"replies":[{"embeddable":true,"href":"https:\/\/www.museuhistoricosl.com.br\/loja\/wp-json\/wp\/v2\/comments?post=19003"}],"wp:featuredmedia":[{"embeddable":true,"href":"https:\/\/www.museuhistoricosl.com.br\/loja\/wp-json\/wp\/v2\/media\/19002"}],"wp:attachment":[{"href":"https:\/\/www.museuhistoricosl.com.br\/loja\/wp-json\/wp\/v2\/media?parent=19003"}],"wp:term":[{"taxonomy":"product_cat","embeddable":true,"href":"https:\/\/www.museuhistoricosl.com.br\/loja\/wp-json\/wp\/v2\/product_cat?post=19003"},{"taxonomy":"product_tag","embeddable":true,"href":"https:\/\/www.museuhistoricosl.com.br\/loja\/wp-json\/wp\/v2\/product_tag?post=19003"}],"curies":[{"name":"wp","href":"https:\/\/api.w.org\/{rel}","templated":true}]}}