{"id":18790,"date":"2022-01-04T08:44:45","date_gmt":"2022-01-04T11:44:45","guid":{"rendered":"https:\/\/www.museuhistoricosl.com.br\/loja\/produto\/sl900-fd-0635\/"},"modified":"2022-01-04T08:44:45","modified_gmt":"2022-01-04T11:44:45","slug":"sl900-fd-0635","status":"publish","type":"product","link":"https:\/\/www.museuhistoricosl.com.br\/loja\/produto\/sl900-fd-0635\/","title":{"rendered":"SL900-FD-0635"},"content":{"rendered":"<p>Sem identifica\u00e7\u00e3o &#8211; C\u00f3digo anterior de cat\u00e1logo:FD PV-35; Diversos; <\/p>\n","protected":false},"excerpt":{"rendered":"<p>Sem identifica\u00e7\u00e3o &#8211; C\u00f3digo anterior de cat\u00e1logo:FD PV-35; Diversos;<\/p>\n","protected":false},"featured_media":18789,"comment_status":"open","ping_status":"closed","template":"","meta":{"_acf_changed":false},"product_cat":[57],"product_tag":[],"class_list":["post-18790","product","type-product","status-publish","has-post-thumbnail","hentry","product_cat-diversos"],"acf":[],"_links":{"self":[{"href":"https:\/\/www.museuhistoricosl.com.br\/loja\/wp-json\/wp\/v2\/product\/18790","targetHints":{"allow":["GET"]}}],"collection":[{"href":"https:\/\/www.museuhistoricosl.com.br\/loja\/wp-json\/wp\/v2\/product"}],"about":[{"href":"https:\/\/www.museuhistoricosl.com.br\/loja\/wp-json\/wp\/v2\/types\/product"}],"replies":[{"embeddable":true,"href":"https:\/\/www.museuhistoricosl.com.br\/loja\/wp-json\/wp\/v2\/comments?post=18790"}],"wp:featuredmedia":[{"embeddable":true,"href":"https:\/\/www.museuhistoricosl.com.br\/loja\/wp-json\/wp\/v2\/media\/18789"}],"wp:attachment":[{"href":"https:\/\/www.museuhistoricosl.com.br\/loja\/wp-json\/wp\/v2\/media?parent=18790"}],"wp:term":[{"taxonomy":"product_cat","embeddable":true,"href":"https:\/\/www.museuhistoricosl.com.br\/loja\/wp-json\/wp\/v2\/product_cat?post=18790"},{"taxonomy":"product_tag","embeddable":true,"href":"https:\/\/www.museuhistoricosl.com.br\/loja\/wp-json\/wp\/v2\/product_tag?post=18790"}],"curies":[{"name":"wp","href":"https:\/\/api.w.org\/{rel}","templated":true}]}}