{"id":18680,"date":"2022-01-04T08:44:18","date_gmt":"2022-01-04T11:44:18","guid":{"rendered":"https:\/\/www.museuhistoricosl.com.br\/loja\/produto\/sl900-fd-0577\/"},"modified":"2022-01-04T08:44:18","modified_gmt":"2022-01-04T11:44:18","slug":"sl900-fd-0577","status":"publish","type":"product","link":"https:\/\/www.museuhistoricosl.com.br\/loja\/produto\/sl900-fd-0577\/","title":{"rendered":"SL900-FD-0577"},"content":{"rendered":"<p>Doa\u00e7\u00e3o de Vera Albrecht. Da esq. No alto: Laila Cardova, Reia Silvio Prates, Rosaura Silva &#8230; &#8211; C\u00f3digo anterior de cat\u00e1logo:FD OUT-77; Diversos; <\/p>\n","protected":false},"excerpt":{"rendered":"<p>Doa\u00e7\u00e3o de Vera Albrecht. Da esq. No alto: Laila Cardova, Reia Silvio Prates, Rosaura Silva &#8230; &#8211; C\u00f3digo anterior de<\/p>\n","protected":false},"featured_media":18679,"comment_status":"open","ping_status":"closed","template":"","meta":{"_acf_changed":false},"product_cat":[57],"product_tag":[],"class_list":["post-18680","product","type-product","status-publish","has-post-thumbnail","hentry","product_cat-diversos"],"acf":[],"_links":{"self":[{"href":"https:\/\/www.museuhistoricosl.com.br\/loja\/wp-json\/wp\/v2\/product\/18680","targetHints":{"allow":["GET"]}}],"collection":[{"href":"https:\/\/www.museuhistoricosl.com.br\/loja\/wp-json\/wp\/v2\/product"}],"about":[{"href":"https:\/\/www.museuhistoricosl.com.br\/loja\/wp-json\/wp\/v2\/types\/product"}],"replies":[{"embeddable":true,"href":"https:\/\/www.museuhistoricosl.com.br\/loja\/wp-json\/wp\/v2\/comments?post=18680"}],"wp:featuredmedia":[{"embeddable":true,"href":"https:\/\/www.museuhistoricosl.com.br\/loja\/wp-json\/wp\/v2\/media\/18679"}],"wp:attachment":[{"href":"https:\/\/www.museuhistoricosl.com.br\/loja\/wp-json\/wp\/v2\/media?parent=18680"}],"wp:term":[{"taxonomy":"product_cat","embeddable":true,"href":"https:\/\/www.museuhistoricosl.com.br\/loja\/wp-json\/wp\/v2\/product_cat?post=18680"},{"taxonomy":"product_tag","embeddable":true,"href":"https:\/\/www.museuhistoricosl.com.br\/loja\/wp-json\/wp\/v2\/product_tag?post=18680"}],"curies":[{"name":"wp","href":"https:\/\/api.w.org\/{rel}","templated":true}]}}