{"id":18588,"date":"2022-01-04T08:43:56","date_gmt":"2022-01-04T11:43:56","guid":{"rendered":"https:\/\/www.museuhistoricosl.com.br\/loja\/produto\/sl900-fd-0531\/"},"modified":"2022-01-04T08:43:56","modified_gmt":"2022-01-04T11:43:56","slug":"sl900-fd-0531","status":"publish","type":"product","link":"https:\/\/www.museuhistoricosl.com.br\/loja\/produto\/sl900-fd-0531\/","title":{"rendered":"SL900-FD-0531"},"content":{"rendered":"<p>Meio de transporte urbano antes da chegada do autom\u00f3vel, muitas carruagens funcionavam como t\u00e1xis &#8211; C\u00f3digo anterior de cat\u00e1logo:FD OUT-31; Diversos; <\/p>\n","protected":false},"excerpt":{"rendered":"<p>Meio de transporte urbano antes da chegada do autom\u00f3vel, muitas carruagens funcionavam como t\u00e1xis &#8211; C\u00f3digo anterior de cat\u00e1logo:FD OUT-31;<\/p>\n","protected":false},"featured_media":18587,"comment_status":"open","ping_status":"closed","template":"","meta":{"_acf_changed":false},"product_cat":[57],"product_tag":[],"class_list":["post-18588","product","type-product","status-publish","has-post-thumbnail","hentry","product_cat-diversos"],"acf":[],"_links":{"self":[{"href":"https:\/\/www.museuhistoricosl.com.br\/loja\/wp-json\/wp\/v2\/product\/18588","targetHints":{"allow":["GET"]}}],"collection":[{"href":"https:\/\/www.museuhistoricosl.com.br\/loja\/wp-json\/wp\/v2\/product"}],"about":[{"href":"https:\/\/www.museuhistoricosl.com.br\/loja\/wp-json\/wp\/v2\/types\/product"}],"replies":[{"embeddable":true,"href":"https:\/\/www.museuhistoricosl.com.br\/loja\/wp-json\/wp\/v2\/comments?post=18588"}],"wp:featuredmedia":[{"embeddable":true,"href":"https:\/\/www.museuhistoricosl.com.br\/loja\/wp-json\/wp\/v2\/media\/18587"}],"wp:attachment":[{"href":"https:\/\/www.museuhistoricosl.com.br\/loja\/wp-json\/wp\/v2\/media?parent=18588"}],"wp:term":[{"taxonomy":"product_cat","embeddable":true,"href":"https:\/\/www.museuhistoricosl.com.br\/loja\/wp-json\/wp\/v2\/product_cat?post=18588"},{"taxonomy":"product_tag","embeddable":true,"href":"https:\/\/www.museuhistoricosl.com.br\/loja\/wp-json\/wp\/v2\/product_tag?post=18588"}],"curies":[{"name":"wp","href":"https:\/\/api.w.org\/{rel}","templated":true}]}}