{"id":18556,"date":"2022-01-04T08:43:45","date_gmt":"2022-01-04T11:43:45","guid":{"rendered":"https:\/\/www.museuhistoricosl.com.br\/loja\/produto\/sl900-fd-0515\/"},"modified":"2022-01-04T08:43:45","modified_gmt":"2022-01-04T11:43:45","slug":"sl900-fd-0515","status":"publish","type":"product","link":"https:\/\/www.museuhistoricosl.com.br\/loja\/produto\/sl900-fd-0515\/","title":{"rendered":"SL900-FD-0515"},"content":{"rendered":"<p>Commis-voyageurs Rio-Grandenses. \u00c0 esq. Armindo Eggers (caixeiro-viajante) &#8211; C\u00f3digo anterior de cat\u00e1logo:FD OUT-15; Diversos; <\/p>\n","protected":false},"excerpt":{"rendered":"<p>Commis-voyageurs Rio-Grandenses. \u00c0 esq. Armindo Eggers (caixeiro-viajante) &#8211; C\u00f3digo anterior de cat\u00e1logo:FD OUT-15; Diversos;<\/p>\n","protected":false},"featured_media":18555,"comment_status":"open","ping_status":"closed","template":"","meta":{"_acf_changed":false},"product_cat":[57],"product_tag":[],"class_list":["post-18556","product","type-product","status-publish","has-post-thumbnail","hentry","product_cat-diversos"],"acf":[],"_links":{"self":[{"href":"https:\/\/www.museuhistoricosl.com.br\/loja\/wp-json\/wp\/v2\/product\/18556","targetHints":{"allow":["GET"]}}],"collection":[{"href":"https:\/\/www.museuhistoricosl.com.br\/loja\/wp-json\/wp\/v2\/product"}],"about":[{"href":"https:\/\/www.museuhistoricosl.com.br\/loja\/wp-json\/wp\/v2\/types\/product"}],"replies":[{"embeddable":true,"href":"https:\/\/www.museuhistoricosl.com.br\/loja\/wp-json\/wp\/v2\/comments?post=18556"}],"wp:featuredmedia":[{"embeddable":true,"href":"https:\/\/www.museuhistoricosl.com.br\/loja\/wp-json\/wp\/v2\/media\/18555"}],"wp:attachment":[{"href":"https:\/\/www.museuhistoricosl.com.br\/loja\/wp-json\/wp\/v2\/media?parent=18556"}],"wp:term":[{"taxonomy":"product_cat","embeddable":true,"href":"https:\/\/www.museuhistoricosl.com.br\/loja\/wp-json\/wp\/v2\/product_cat?post=18556"},{"taxonomy":"product_tag","embeddable":true,"href":"https:\/\/www.museuhistoricosl.com.br\/loja\/wp-json\/wp\/v2\/product_tag?post=18556"}],"curies":[{"name":"wp","href":"https:\/\/api.w.org\/{rel}","templated":true}]}}