{"id":18442,"date":"2022-01-04T08:43:10","date_gmt":"2022-01-04T11:43:10","guid":{"rendered":"https:\/\/www.museuhistoricosl.com.br\/loja\/produto\/sl900-fd-0201\/"},"modified":"2022-01-04T08:43:10","modified_gmt":"2022-01-04T11:43:10","slug":"sl900-fd-0201","status":"publish","type":"product","link":"https:\/\/www.museuhistoricosl.com.br\/loja\/produto\/sl900-fd-0201\/","title":{"rendered":"SL900-FD-0201"},"content":{"rendered":"<p>Carnaval de 1924. O propriet\u00e1rio do carro que obteve o 1\u00ba lugar: Frederico D\u00f6rnte &#8211; C\u00f3digo anterior de cat\u00e1logo:FD CX117-1; Diversos; <\/p>\n","protected":false},"excerpt":{"rendered":"<p>Carnaval de 1924. O propriet\u00e1rio do carro que obteve o 1\u00ba lugar: Frederico D\u00f6rnte &#8211; C\u00f3digo anterior de cat\u00e1logo:FD CX117-1;<\/p>\n","protected":false},"featured_media":18441,"comment_status":"open","ping_status":"closed","template":"","meta":{"_acf_changed":false},"product_cat":[57],"product_tag":[],"class_list":["post-18442","product","type-product","status-publish","has-post-thumbnail","hentry","product_cat-diversos"],"acf":[],"_links":{"self":[{"href":"https:\/\/www.museuhistoricosl.com.br\/loja\/wp-json\/wp\/v2\/product\/18442","targetHints":{"allow":["GET"]}}],"collection":[{"href":"https:\/\/www.museuhistoricosl.com.br\/loja\/wp-json\/wp\/v2\/product"}],"about":[{"href":"https:\/\/www.museuhistoricosl.com.br\/loja\/wp-json\/wp\/v2\/types\/product"}],"replies":[{"embeddable":true,"href":"https:\/\/www.museuhistoricosl.com.br\/loja\/wp-json\/wp\/v2\/comments?post=18442"}],"wp:featuredmedia":[{"embeddable":true,"href":"https:\/\/www.museuhistoricosl.com.br\/loja\/wp-json\/wp\/v2\/media\/18441"}],"wp:attachment":[{"href":"https:\/\/www.museuhistoricosl.com.br\/loja\/wp-json\/wp\/v2\/media?parent=18442"}],"wp:term":[{"taxonomy":"product_cat","embeddable":true,"href":"https:\/\/www.museuhistoricosl.com.br\/loja\/wp-json\/wp\/v2\/product_cat?post=18442"},{"taxonomy":"product_tag","embeddable":true,"href":"https:\/\/www.museuhistoricosl.com.br\/loja\/wp-json\/wp\/v2\/product_tag?post=18442"}],"curies":[{"name":"wp","href":"https:\/\/api.w.org\/{rel}","templated":true}]}}