{"id":18390,"date":"2022-01-04T08:42:53","date_gmt":"2022-01-04T11:42:53","guid":{"rendered":"https:\/\/www.museuhistoricosl.com.br\/loja\/produto\/sl900-fd-0107\/"},"modified":"2022-01-04T08:42:53","modified_gmt":"2022-01-04T11:42:53","slug":"sl900-fd-0107","status":"publish","type":"product","link":"https:\/\/www.museuhistoricosl.com.br\/loja\/produto\/sl900-fd-0107\/","title":{"rendered":"SL900-FD-0107"},"content":{"rendered":"<p>Turmas &#8211; 1926. Rua da Rep\u00fablica, esq. 28 de Setembro. O carro da frente representa uma caixinha de j\u00f3ia, acha-se sentada a sra. Alady Geske Karl &#8211; C\u00f3digo anterior de cat\u00e1logo:FD CX116-7; Diversos; <\/p>\n","protected":false},"excerpt":{"rendered":"<p>Turmas &#8211; 1926. Rua da Rep\u00fablica, esq. 28 de Setembro. O carro da frente representa uma caixinha de j\u00f3ia, acha-se<\/p>\n","protected":false},"featured_media":18389,"comment_status":"open","ping_status":"closed","template":"","meta":{"_acf_changed":false},"product_cat":[57],"product_tag":[],"class_list":["post-18390","product","type-product","status-publish","has-post-thumbnail","hentry","product_cat-diversos"],"acf":[],"_links":{"self":[{"href":"https:\/\/www.museuhistoricosl.com.br\/loja\/wp-json\/wp\/v2\/product\/18390","targetHints":{"allow":["GET"]}}],"collection":[{"href":"https:\/\/www.museuhistoricosl.com.br\/loja\/wp-json\/wp\/v2\/product"}],"about":[{"href":"https:\/\/www.museuhistoricosl.com.br\/loja\/wp-json\/wp\/v2\/types\/product"}],"replies":[{"embeddable":true,"href":"https:\/\/www.museuhistoricosl.com.br\/loja\/wp-json\/wp\/v2\/comments?post=18390"}],"wp:featuredmedia":[{"embeddable":true,"href":"https:\/\/www.museuhistoricosl.com.br\/loja\/wp-json\/wp\/v2\/media\/18389"}],"wp:attachment":[{"href":"https:\/\/www.museuhistoricosl.com.br\/loja\/wp-json\/wp\/v2\/media?parent=18390"}],"wp:term":[{"taxonomy":"product_cat","embeddable":true,"href":"https:\/\/www.museuhistoricosl.com.br\/loja\/wp-json\/wp\/v2\/product_cat?post=18390"},{"taxonomy":"product_tag","embeddable":true,"href":"https:\/\/www.museuhistoricosl.com.br\/loja\/wp-json\/wp\/v2\/product_tag?post=18390"}],"curies":[{"name":"wp","href":"https:\/\/api.w.org\/{rel}","templated":true}]}}