{"id":18376,"date":"2022-01-04T08:42:50","date_gmt":"2022-01-04T11:42:50","guid":{"rendered":"https:\/\/www.museuhistoricosl.com.br\/loja\/produto\/sl900-fd-0080\/"},"modified":"2022-01-04T08:42:50","modified_gmt":"2022-01-04T11:42:50","slug":"sl900-fd-0080","status":"publish","type":"product","link":"https:\/\/www.museuhistoricosl.com.br\/loja\/produto\/sl900-fd-0080\/","title":{"rendered":"SL900-FD-0080"},"content":{"rendered":"<p>Constru\u00e7\u00e3o antiga, 1\u00aa metade do s\u00e9culo XIX &#8211; C\u00f3digo anterior de cat\u00e1logo:FD CX115-20; Diversos; <\/p>\n","protected":false},"excerpt":{"rendered":"<p>Constru\u00e7\u00e3o antiga, 1\u00aa metade do s\u00e9culo XIX &#8211; C\u00f3digo anterior de cat\u00e1logo:FD CX115-20; Diversos;<\/p>\n","protected":false},"featured_media":18375,"comment_status":"open","ping_status":"closed","template":"","meta":{"_acf_changed":false},"product_cat":[57],"product_tag":[],"class_list":["post-18376","product","type-product","status-publish","has-post-thumbnail","hentry","product_cat-diversos"],"acf":[],"_links":{"self":[{"href":"https:\/\/www.museuhistoricosl.com.br\/loja\/wp-json\/wp\/v2\/product\/18376","targetHints":{"allow":["GET"]}}],"collection":[{"href":"https:\/\/www.museuhistoricosl.com.br\/loja\/wp-json\/wp\/v2\/product"}],"about":[{"href":"https:\/\/www.museuhistoricosl.com.br\/loja\/wp-json\/wp\/v2\/types\/product"}],"replies":[{"embeddable":true,"href":"https:\/\/www.museuhistoricosl.com.br\/loja\/wp-json\/wp\/v2\/comments?post=18376"}],"wp:featuredmedia":[{"embeddable":true,"href":"https:\/\/www.museuhistoricosl.com.br\/loja\/wp-json\/wp\/v2\/media\/18375"}],"wp:attachment":[{"href":"https:\/\/www.museuhistoricosl.com.br\/loja\/wp-json\/wp\/v2\/media?parent=18376"}],"wp:term":[{"taxonomy":"product_cat","embeddable":true,"href":"https:\/\/www.museuhistoricosl.com.br\/loja\/wp-json\/wp\/v2\/product_cat?post=18376"},{"taxonomy":"product_tag","embeddable":true,"href":"https:\/\/www.museuhistoricosl.com.br\/loja\/wp-json\/wp\/v2\/product_tag?post=18376"}],"curies":[{"name":"wp","href":"https:\/\/api.w.org\/{rel}","templated":true}]}}