{"id":18364,"date":"2022-01-04T08:42:46","date_gmt":"2022-01-04T11:42:46","guid":{"rendered":"https:\/\/www.museuhistoricosl.com.br\/loja\/produto\/sl900-fd-0074\/"},"modified":"2022-01-04T08:42:46","modified_gmt":"2022-01-04T11:42:46","slug":"sl900-fd-0074","status":"publish","type":"product","link":"https:\/\/www.museuhistoricosl.com.br\/loja\/produto\/sl900-fd-0074\/","title":{"rendered":"SL900-FD-0074"},"content":{"rendered":"<p>Marinheiros alem\u00e3es visitando S.L. &#8211; C\u00f3digo anterior de cat\u00e1logo:FD CX115-14; Diversos; <\/p>\n","protected":false},"excerpt":{"rendered":"<p>Marinheiros alem\u00e3es visitando S.L. &#8211; C\u00f3digo anterior de cat\u00e1logo:FD CX115-14; Diversos;<\/p>\n","protected":false},"featured_media":18363,"comment_status":"open","ping_status":"closed","template":"","meta":{"_acf_changed":false},"product_cat":[57],"product_tag":[],"class_list":["post-18364","product","type-product","status-publish","has-post-thumbnail","hentry","product_cat-diversos"],"acf":[],"_links":{"self":[{"href":"https:\/\/www.museuhistoricosl.com.br\/loja\/wp-json\/wp\/v2\/product\/18364","targetHints":{"allow":["GET"]}}],"collection":[{"href":"https:\/\/www.museuhistoricosl.com.br\/loja\/wp-json\/wp\/v2\/product"}],"about":[{"href":"https:\/\/www.museuhistoricosl.com.br\/loja\/wp-json\/wp\/v2\/types\/product"}],"replies":[{"embeddable":true,"href":"https:\/\/www.museuhistoricosl.com.br\/loja\/wp-json\/wp\/v2\/comments?post=18364"}],"wp:featuredmedia":[{"embeddable":true,"href":"https:\/\/www.museuhistoricosl.com.br\/loja\/wp-json\/wp\/v2\/media\/18363"}],"wp:attachment":[{"href":"https:\/\/www.museuhistoricosl.com.br\/loja\/wp-json\/wp\/v2\/media?parent=18364"}],"wp:term":[{"taxonomy":"product_cat","embeddable":true,"href":"https:\/\/www.museuhistoricosl.com.br\/loja\/wp-json\/wp\/v2\/product_cat?post=18364"},{"taxonomy":"product_tag","embeddable":true,"href":"https:\/\/www.museuhistoricosl.com.br\/loja\/wp-json\/wp\/v2\/product_tag?post=18364"}],"curies":[{"name":"wp","href":"https:\/\/api.w.org\/{rel}","templated":true}]}}