{"id":18326,"date":"2022-01-04T08:42:34","date_gmt":"2022-01-04T11:42:34","guid":{"rendered":"https:\/\/www.museuhistoricosl.com.br\/loja\/produto\/sl900-fd-0054\/"},"modified":"2022-01-04T08:42:34","modified_gmt":"2022-01-04T11:42:34","slug":"sl900-fd-0054","status":"publish","type":"product","link":"https:\/\/www.museuhistoricosl.com.br\/loja\/produto\/sl900-fd-0054\/","title":{"rendered":"SL900-FD-0054"},"content":{"rendered":"<p>Exposi\u00e7\u00e3o comemorativa ao centen\u00e1rio da imigra\u00e7\u00e3o em 1924. Doador: Walter Heidrich &#8211; C\u00f3digo anterior de cat\u00e1logo:FD CX114-14; Diversos; <\/p>\n","protected":false},"excerpt":{"rendered":"<p>Exposi\u00e7\u00e3o comemorativa ao centen\u00e1rio da imigra\u00e7\u00e3o em 1924. Doador: Walter Heidrich &#8211; C\u00f3digo anterior de cat\u00e1logo:FD CX114-14; Diversos;<\/p>\n","protected":false},"featured_media":18325,"comment_status":"open","ping_status":"closed","template":"","meta":{"_acf_changed":false},"product_cat":[57],"product_tag":[],"class_list":["post-18326","product","type-product","status-publish","has-post-thumbnail","hentry","product_cat-diversos"],"acf":[],"_links":{"self":[{"href":"https:\/\/www.museuhistoricosl.com.br\/loja\/wp-json\/wp\/v2\/product\/18326","targetHints":{"allow":["GET"]}}],"collection":[{"href":"https:\/\/www.museuhistoricosl.com.br\/loja\/wp-json\/wp\/v2\/product"}],"about":[{"href":"https:\/\/www.museuhistoricosl.com.br\/loja\/wp-json\/wp\/v2\/types\/product"}],"replies":[{"embeddable":true,"href":"https:\/\/www.museuhistoricosl.com.br\/loja\/wp-json\/wp\/v2\/comments?post=18326"}],"wp:featuredmedia":[{"embeddable":true,"href":"https:\/\/www.museuhistoricosl.com.br\/loja\/wp-json\/wp\/v2\/media\/18325"}],"wp:attachment":[{"href":"https:\/\/www.museuhistoricosl.com.br\/loja\/wp-json\/wp\/v2\/media?parent=18326"}],"wp:term":[{"taxonomy":"product_cat","embeddable":true,"href":"https:\/\/www.museuhistoricosl.com.br\/loja\/wp-json\/wp\/v2\/product_cat?post=18326"},{"taxonomy":"product_tag","embeddable":true,"href":"https:\/\/www.museuhistoricosl.com.br\/loja\/wp-json\/wp\/v2\/product_tag?post=18326"}],"curies":[{"name":"wp","href":"https:\/\/api.w.org\/{rel}","templated":true}]}}