{"id":18324,"date":"2022-01-04T08:42:33","date_gmt":"2022-01-04T11:42:33","guid":{"rendered":"https:\/\/www.museuhistoricosl.com.br\/loja\/produto\/sl900-fd-0053\/"},"modified":"2022-01-04T08:42:33","modified_gmt":"2022-01-04T11:42:33","slug":"sl900-fd-0053","status":"publish","type":"product","link":"https:\/\/www.museuhistoricosl.com.br\/loja\/produto\/sl900-fd-0053\/","title":{"rendered":"SL900-FD-0053"},"content":{"rendered":"<p>Colocando documentos na caixa da pedra fundamental. Os assinalados s\u00e2o: 1. Jacob Kroeff Neto, 2. Ernst Seubert, 3. Major Leopoldo Petry. Doador: Walter Heidrich &#8211; C\u00f3digo anterior de cat\u00e1logo:FD CX114-13; Diversos; <\/p>\n","protected":false},"excerpt":{"rendered":"<p>Colocando documentos na caixa da pedra fundamental. Os assinalados s\u00e2o: 1. Jacob Kroeff Neto, 2. Ernst Seubert, 3. Major Leopoldo<\/p>\n","protected":false},"featured_media":18323,"comment_status":"open","ping_status":"closed","template":"","meta":{"_acf_changed":false},"product_cat":[57],"product_tag":[],"class_list":["post-18324","product","type-product","status-publish","has-post-thumbnail","hentry","product_cat-diversos"],"acf":[],"_links":{"self":[{"href":"https:\/\/www.museuhistoricosl.com.br\/loja\/wp-json\/wp\/v2\/product\/18324","targetHints":{"allow":["GET"]}}],"collection":[{"href":"https:\/\/www.museuhistoricosl.com.br\/loja\/wp-json\/wp\/v2\/product"}],"about":[{"href":"https:\/\/www.museuhistoricosl.com.br\/loja\/wp-json\/wp\/v2\/types\/product"}],"replies":[{"embeddable":true,"href":"https:\/\/www.museuhistoricosl.com.br\/loja\/wp-json\/wp\/v2\/comments?post=18324"}],"wp:featuredmedia":[{"embeddable":true,"href":"https:\/\/www.museuhistoricosl.com.br\/loja\/wp-json\/wp\/v2\/media\/18323"}],"wp:attachment":[{"href":"https:\/\/www.museuhistoricosl.com.br\/loja\/wp-json\/wp\/v2\/media?parent=18324"}],"wp:term":[{"taxonomy":"product_cat","embeddable":true,"href":"https:\/\/www.museuhistoricosl.com.br\/loja\/wp-json\/wp\/v2\/product_cat?post=18324"},{"taxonomy":"product_tag","embeddable":true,"href":"https:\/\/www.museuhistoricosl.com.br\/loja\/wp-json\/wp\/v2\/product_tag?post=18324"}],"curies":[{"name":"wp","href":"https:\/\/api.w.org\/{rel}","templated":true}]}}