{"id":18310,"date":"2022-01-04T08:42:30","date_gmt":"2022-01-04T11:42:30","guid":{"rendered":"https:\/\/www.museuhistoricosl.com.br\/loja\/produto\/sl900-fd-0046\/"},"modified":"2022-01-04T08:42:30","modified_gmt":"2022-01-04T11:42:30","slug":"sl900-fd-0046","status":"publish","type":"product","link":"https:\/\/www.museuhistoricosl.com.br\/loja\/produto\/sl900-fd-0046\/","title":{"rendered":"SL900-FD-0046"},"content":{"rendered":"<p>Zur Erinnerung an die 4000. Nummer der Deutschen Post. S\u00e3o Leopoldo, den 19. Februar 1913. Wally Thiesen, SL, out. 77 &#8211; C\u00f3digo anterior de cat\u00e1logo:FD CX114-6; Diversos; <\/p>\n","protected":false},"excerpt":{"rendered":"<p>Zur Erinnerung an die 4000. Nummer der Deutschen Post. S\u00e3o Leopoldo, den 19. Februar 1913. Wally Thiesen, SL, out. 77<\/p>\n","protected":false},"featured_media":18309,"comment_status":"open","ping_status":"closed","template":"","meta":{"_acf_changed":false},"product_cat":[57],"product_tag":[],"class_list":["post-18310","product","type-product","status-publish","has-post-thumbnail","hentry","product_cat-diversos"],"acf":[],"_links":{"self":[{"href":"https:\/\/www.museuhistoricosl.com.br\/loja\/wp-json\/wp\/v2\/product\/18310","targetHints":{"allow":["GET"]}}],"collection":[{"href":"https:\/\/www.museuhistoricosl.com.br\/loja\/wp-json\/wp\/v2\/product"}],"about":[{"href":"https:\/\/www.museuhistoricosl.com.br\/loja\/wp-json\/wp\/v2\/types\/product"}],"replies":[{"embeddable":true,"href":"https:\/\/www.museuhistoricosl.com.br\/loja\/wp-json\/wp\/v2\/comments?post=18310"}],"wp:featuredmedia":[{"embeddable":true,"href":"https:\/\/www.museuhistoricosl.com.br\/loja\/wp-json\/wp\/v2\/media\/18309"}],"wp:attachment":[{"href":"https:\/\/www.museuhistoricosl.com.br\/loja\/wp-json\/wp\/v2\/media?parent=18310"}],"wp:term":[{"taxonomy":"product_cat","embeddable":true,"href":"https:\/\/www.museuhistoricosl.com.br\/loja\/wp-json\/wp\/v2\/product_cat?post=18310"},{"taxonomy":"product_tag","embeddable":true,"href":"https:\/\/www.museuhistoricosl.com.br\/loja\/wp-json\/wp\/v2\/product_tag?post=18310"}],"curies":[{"name":"wp","href":"https:\/\/api.w.org\/{rel}","templated":true}]}}