{"id":18252,"date":"2022-01-04T08:42:13","date_gmt":"2022-01-04T11:42:13","guid":{"rendered":"https:\/\/www.museuhistoricosl.com.br\/loja\/produto\/sl900-fd-0002\/"},"modified":"2022-01-04T08:42:13","modified_gmt":"2022-01-04T11:42:13","slug":"sl900-fd-0002","status":"publish","type":"product","link":"https:\/\/www.museuhistoricosl.com.br\/loja\/produto\/sl900-fd-0002\/","title":{"rendered":"SL900-FD-0002"},"content":{"rendered":"<p>Lembran\u00e7a do n\u00ba 4.000 do jornal Deutsche Post da firma Rotermund &#038; Co., S\u00e3o Leopoldo, 19.2.1913. Doadora: Elly Hofmann Stegleder, 27.7.76 &#8211; C\u00f3digo anterior de cat\u00e1logo:FD CX112-2; Diversos; <\/p>\n","protected":false},"excerpt":{"rendered":"<p>Lembran\u00e7a do n\u00ba 4.000 do jornal Deutsche Post da firma Rotermund &#038; Co., S\u00e3o Leopoldo, 19.2.1913. Doadora: Elly Hofmann Stegleder,<\/p>\n","protected":false},"featured_media":18251,"comment_status":"open","ping_status":"closed","template":"","meta":{"_acf_changed":false},"product_cat":[57],"product_tag":[],"class_list":["post-18252","product","type-product","status-publish","has-post-thumbnail","hentry","product_cat-diversos"],"acf":[],"_links":{"self":[{"href":"https:\/\/www.museuhistoricosl.com.br\/loja\/wp-json\/wp\/v2\/product\/18252","targetHints":{"allow":["GET"]}}],"collection":[{"href":"https:\/\/www.museuhistoricosl.com.br\/loja\/wp-json\/wp\/v2\/product"}],"about":[{"href":"https:\/\/www.museuhistoricosl.com.br\/loja\/wp-json\/wp\/v2\/types\/product"}],"replies":[{"embeddable":true,"href":"https:\/\/www.museuhistoricosl.com.br\/loja\/wp-json\/wp\/v2\/comments?post=18252"}],"wp:featuredmedia":[{"embeddable":true,"href":"https:\/\/www.museuhistoricosl.com.br\/loja\/wp-json\/wp\/v2\/media\/18251"}],"wp:attachment":[{"href":"https:\/\/www.museuhistoricosl.com.br\/loja\/wp-json\/wp\/v2\/media?parent=18252"}],"wp:term":[{"taxonomy":"product_cat","embeddable":true,"href":"https:\/\/www.museuhistoricosl.com.br\/loja\/wp-json\/wp\/v2\/product_cat?post=18252"},{"taxonomy":"product_tag","embeddable":true,"href":"https:\/\/www.museuhistoricosl.com.br\/loja\/wp-json\/wp\/v2\/product_tag?post=18252"}],"curies":[{"name":"wp","href":"https:\/\/api.w.org\/{rel}","templated":true}]}}