{"id":18236,"date":"2022-01-04T08:42:09","date_gmt":"2022-01-04T11:42:09","guid":{"rendered":"https:\/\/www.museuhistoricosl.com.br\/loja\/produto\/sl108-fd-0178\/"},"modified":"2022-01-04T08:42:09","modified_gmt":"2022-01-04T11:42:09","slug":"sl108-fd-0178","status":"publish","type":"product","link":"https:\/\/www.museuhistoricosl.com.br\/loja\/produto\/sl108-fd-0178\/","title":{"rendered":"SL108-FD-0178"},"content":{"rendered":"<p>Meninos do Col\u00e9gio S\u00e3o Lu\u00eds, S\u00e3o Leopoldo. &#8211; C\u00f3digo anterior de cat\u00e1logo:FD 108-1,78; Diversos; <\/p>\n","protected":false},"excerpt":{"rendered":"<p>Meninos do Col\u00e9gio S\u00e3o Lu\u00eds, S\u00e3o Leopoldo. &#8211; C\u00f3digo anterior de cat\u00e1logo:FD 108-1,78; Diversos;<\/p>\n","protected":false},"featured_media":18235,"comment_status":"open","ping_status":"closed","template":"","meta":{"_acf_changed":false},"product_cat":[57],"product_tag":[],"class_list":["post-18236","product","type-product","status-publish","has-post-thumbnail","hentry","product_cat-diversos"],"acf":[],"_links":{"self":[{"href":"https:\/\/www.museuhistoricosl.com.br\/loja\/wp-json\/wp\/v2\/product\/18236","targetHints":{"allow":["GET"]}}],"collection":[{"href":"https:\/\/www.museuhistoricosl.com.br\/loja\/wp-json\/wp\/v2\/product"}],"about":[{"href":"https:\/\/www.museuhistoricosl.com.br\/loja\/wp-json\/wp\/v2\/types\/product"}],"replies":[{"embeddable":true,"href":"https:\/\/www.museuhistoricosl.com.br\/loja\/wp-json\/wp\/v2\/comments?post=18236"}],"wp:featuredmedia":[{"embeddable":true,"href":"https:\/\/www.museuhistoricosl.com.br\/loja\/wp-json\/wp\/v2\/media\/18235"}],"wp:attachment":[{"href":"https:\/\/www.museuhistoricosl.com.br\/loja\/wp-json\/wp\/v2\/media?parent=18236"}],"wp:term":[{"taxonomy":"product_cat","embeddable":true,"href":"https:\/\/www.museuhistoricosl.com.br\/loja\/wp-json\/wp\/v2\/product_cat?post=18236"},{"taxonomy":"product_tag","embeddable":true,"href":"https:\/\/www.museuhistoricosl.com.br\/loja\/wp-json\/wp\/v2\/product_tag?post=18236"}],"curies":[{"name":"wp","href":"https:\/\/api.w.org\/{rel}","templated":true}]}}