{"id":18160,"date":"2022-01-04T08:41:49","date_gmt":"2022-01-04T11:41:49","guid":{"rendered":"https:\/\/www.museuhistoricosl.com.br\/loja\/produto\/sl108-fd-0140\/"},"modified":"2022-01-04T08:41:49","modified_gmt":"2022-01-04T11:41:49","slug":"sl108-fd-0140","status":"publish","type":"product","link":"https:\/\/www.museuhistoricosl.com.br\/loja\/produto\/sl108-fd-0140\/","title":{"rendered":"SL108-FD-0140"},"content":{"rendered":"<p>Sem identifica\u00e7\u00e3o. Doado por Blanca Hofmann Doernte. &#8211; C\u00f3digo anterior de cat\u00e1logo:FD 108-1,40; Diversos; <\/p>\n","protected":false},"excerpt":{"rendered":"<p>Sem identifica\u00e7\u00e3o. Doado por Blanca Hofmann Doernte. &#8211; C\u00f3digo anterior de cat\u00e1logo:FD 108-1,40; Diversos;<\/p>\n","protected":false},"featured_media":18159,"comment_status":"open","ping_status":"closed","template":"","meta":{"_acf_changed":false},"product_cat":[57],"product_tag":[],"class_list":["post-18160","product","type-product","status-publish","has-post-thumbnail","hentry","product_cat-diversos"],"acf":[],"_links":{"self":[{"href":"https:\/\/www.museuhistoricosl.com.br\/loja\/wp-json\/wp\/v2\/product\/18160","targetHints":{"allow":["GET"]}}],"collection":[{"href":"https:\/\/www.museuhistoricosl.com.br\/loja\/wp-json\/wp\/v2\/product"}],"about":[{"href":"https:\/\/www.museuhistoricosl.com.br\/loja\/wp-json\/wp\/v2\/types\/product"}],"replies":[{"embeddable":true,"href":"https:\/\/www.museuhistoricosl.com.br\/loja\/wp-json\/wp\/v2\/comments?post=18160"}],"wp:featuredmedia":[{"embeddable":true,"href":"https:\/\/www.museuhistoricosl.com.br\/loja\/wp-json\/wp\/v2\/media\/18159"}],"wp:attachment":[{"href":"https:\/\/www.museuhistoricosl.com.br\/loja\/wp-json\/wp\/v2\/media?parent=18160"}],"wp:term":[{"taxonomy":"product_cat","embeddable":true,"href":"https:\/\/www.museuhistoricosl.com.br\/loja\/wp-json\/wp\/v2\/product_cat?post=18160"},{"taxonomy":"product_tag","embeddable":true,"href":"https:\/\/www.museuhistoricosl.com.br\/loja\/wp-json\/wp\/v2\/product_tag?post=18160"}],"curies":[{"name":"wp","href":"https:\/\/api.w.org\/{rel}","templated":true}]}}