{"id":18092,"date":"2022-01-04T08:41:32","date_gmt":"2022-01-04T11:41:32","guid":{"rendered":"https:\/\/www.museuhistoricosl.com.br\/loja\/produto\/sl108-fd-0106\/"},"modified":"2022-01-04T08:41:32","modified_gmt":"2022-01-04T11:41:32","slug":"sl108-fd-0106","status":"publish","type":"product","link":"https:\/\/www.museuhistoricosl.com.br\/loja\/produto\/sl108-fd-0106\/","title":{"rendered":"SL108-FD-0106"},"content":{"rendered":"<p>Esta\u00e7\u00e3o&#8230; Doado por Blanca Hofmann Doernte. &#8211; C\u00f3digo anterior de cat\u00e1logo:FD 108-1,6; Diversos; <\/p>\n","protected":false},"excerpt":{"rendered":"<p>Esta\u00e7\u00e3o&#8230; Doado por Blanca Hofmann Doernte. &#8211; C\u00f3digo anterior de cat\u00e1logo:FD 108-1,6; Diversos;<\/p>\n","protected":false},"featured_media":18091,"comment_status":"open","ping_status":"closed","template":"","meta":{"_acf_changed":false},"product_cat":[57],"product_tag":[],"class_list":["post-18092","product","type-product","status-publish","has-post-thumbnail","hentry","product_cat-diversos"],"acf":[],"_links":{"self":[{"href":"https:\/\/www.museuhistoricosl.com.br\/loja\/wp-json\/wp\/v2\/product\/18092","targetHints":{"allow":["GET"]}}],"collection":[{"href":"https:\/\/www.museuhistoricosl.com.br\/loja\/wp-json\/wp\/v2\/product"}],"about":[{"href":"https:\/\/www.museuhistoricosl.com.br\/loja\/wp-json\/wp\/v2\/types\/product"}],"replies":[{"embeddable":true,"href":"https:\/\/www.museuhistoricosl.com.br\/loja\/wp-json\/wp\/v2\/comments?post=18092"}],"wp:featuredmedia":[{"embeddable":true,"href":"https:\/\/www.museuhistoricosl.com.br\/loja\/wp-json\/wp\/v2\/media\/18091"}],"wp:attachment":[{"href":"https:\/\/www.museuhistoricosl.com.br\/loja\/wp-json\/wp\/v2\/media?parent=18092"}],"wp:term":[{"taxonomy":"product_cat","embeddable":true,"href":"https:\/\/www.museuhistoricosl.com.br\/loja\/wp-json\/wp\/v2\/product_cat?post=18092"},{"taxonomy":"product_tag","embeddable":true,"href":"https:\/\/www.museuhistoricosl.com.br\/loja\/wp-json\/wp\/v2\/product_tag?post=18092"}],"curies":[{"name":"wp","href":"https:\/\/api.w.org\/{rel}","templated":true}]}}