{"id":18035,"date":"2022-01-04T08:28:52","date_gmt":"2022-01-04T11:28:52","guid":{"rendered":"https:\/\/www.museuhistoricosl.com.br\/loja\/produto\/sl028-fd-1002\/"},"modified":"2022-01-04T08:28:52","modified_gmt":"2022-01-04T11:28:52","slug":"sl028-fd-1002","status":"publish","type":"product","link":"https:\/\/www.museuhistoricosl.com.br\/loja\/produto\/sl028-fd-1002\/","title":{"rendered":"SL028-FD-1002"},"content":{"rendered":"<p>Desfile na Rua Independ\u00eancia, esquina com a antiga Rua Sant\u2019Ana, atual Roosevelt, em 1912 (na esquina, a farm\u00e1cia de Nicolau Kluge e resid\u00eancia de Luiz Sperb; meio\/fundo: Col\u00e9gio Elementar de S\u00e3o Leopoldo) \u2013 S\u00e3o Leopoldo &#8211; C\u00f3digo anterior de cat\u00e1logo:FD 28-1,2; Desfiles Semana da P\u00e1tria; <\/p>\n","protected":false},"excerpt":{"rendered":"<p>Desfile na Rua Independ\u00eancia, esquina com a antiga Rua Sant\u2019Ana, atual Roosevelt, em 1912 (na esquina, a farm\u00e1cia de Nicolau<\/p>\n","protected":false},"featured_media":18034,"comment_status":"open","ping_status":"closed","template":"","meta":{"_acf_changed":false},"product_cat":[56],"product_tag":[],"class_list":["post-18035","product","type-product","status-publish","has-post-thumbnail","hentry","product_cat-desfiles-semana-da-patria"],"acf":[],"_links":{"self":[{"href":"https:\/\/www.museuhistoricosl.com.br\/loja\/wp-json\/wp\/v2\/product\/18035","targetHints":{"allow":["GET"]}}],"collection":[{"href":"https:\/\/www.museuhistoricosl.com.br\/loja\/wp-json\/wp\/v2\/product"}],"about":[{"href":"https:\/\/www.museuhistoricosl.com.br\/loja\/wp-json\/wp\/v2\/types\/product"}],"replies":[{"embeddable":true,"href":"https:\/\/www.museuhistoricosl.com.br\/loja\/wp-json\/wp\/v2\/comments?post=18035"}],"wp:featuredmedia":[{"embeddable":true,"href":"https:\/\/www.museuhistoricosl.com.br\/loja\/wp-json\/wp\/v2\/media\/18034"}],"wp:attachment":[{"href":"https:\/\/www.museuhistoricosl.com.br\/loja\/wp-json\/wp\/v2\/media?parent=18035"}],"wp:term":[{"taxonomy":"product_cat","embeddable":true,"href":"https:\/\/www.museuhistoricosl.com.br\/loja\/wp-json\/wp\/v2\/product_cat?post=18035"},{"taxonomy":"product_tag","embeddable":true,"href":"https:\/\/www.museuhistoricosl.com.br\/loja\/wp-json\/wp\/v2\/product_tag?post=18035"}],"curies":[{"name":"wp","href":"https:\/\/api.w.org\/{rel}","templated":true}]}}