{"id":17671,"date":"2022-01-04T08:27:21","date_gmt":"2022-01-04T11:27:21","guid":{"rendered":"https:\/\/www.museuhistoricosl.com.br\/loja\/produto\/sl028-fd-0045\/"},"modified":"2022-01-04T08:27:21","modified_gmt":"2022-01-04T11:27:21","slug":"sl028-fd-0045","status":"publish","type":"product","link":"https:\/\/www.museuhistoricosl.com.br\/loja\/produto\/sl028-fd-0045\/","title":{"rendered":"SL028-FD-0045"},"content":{"rendered":"<p>Semana da P\u00e1tria, 1982 \u2013 desfile da Escola Estadual Professor Pedro Schneider \u2013 S\u00e3o Leopoldo. &#8211; C\u00f3digo anterior de cat\u00e1logo:FD 28-2,45; Desfiles Semana da P\u00e1tria; <\/p>\n","protected":false},"excerpt":{"rendered":"<p>Semana da P\u00e1tria, 1982 \u2013 desfile da Escola Estadual Professor Pedro Schneider \u2013 S\u00e3o Leopoldo. &#8211; C\u00f3digo anterior de cat\u00e1logo:FD<\/p>\n","protected":false},"featured_media":17670,"comment_status":"open","ping_status":"closed","template":"","meta":{"_acf_changed":false},"product_cat":[56],"product_tag":[],"class_list":["post-17671","product","type-product","status-publish","has-post-thumbnail","hentry","product_cat-desfiles-semana-da-patria"],"acf":[],"_links":{"self":[{"href":"https:\/\/www.museuhistoricosl.com.br\/loja\/wp-json\/wp\/v2\/product\/17671","targetHints":{"allow":["GET"]}}],"collection":[{"href":"https:\/\/www.museuhistoricosl.com.br\/loja\/wp-json\/wp\/v2\/product"}],"about":[{"href":"https:\/\/www.museuhistoricosl.com.br\/loja\/wp-json\/wp\/v2\/types\/product"}],"replies":[{"embeddable":true,"href":"https:\/\/www.museuhistoricosl.com.br\/loja\/wp-json\/wp\/v2\/comments?post=17671"}],"wp:featuredmedia":[{"embeddable":true,"href":"https:\/\/www.museuhistoricosl.com.br\/loja\/wp-json\/wp\/v2\/media\/17670"}],"wp:attachment":[{"href":"https:\/\/www.museuhistoricosl.com.br\/loja\/wp-json\/wp\/v2\/media?parent=17671"}],"wp:term":[{"taxonomy":"product_cat","embeddable":true,"href":"https:\/\/www.museuhistoricosl.com.br\/loja\/wp-json\/wp\/v2\/product_cat?post=17671"},{"taxonomy":"product_tag","embeddable":true,"href":"https:\/\/www.museuhistoricosl.com.br\/loja\/wp-json\/wp\/v2\/product_tag?post=17671"}],"curies":[{"name":"wp","href":"https:\/\/api.w.org\/{rel}","templated":true}]}}