{"id":17589,"date":"2022-01-04T08:27:02","date_gmt":"2022-01-04T11:27:02","guid":{"rendered":"https:\/\/www.museuhistoricosl.com.br\/loja\/produto\/sl028-fd-0004\/"},"modified":"2022-01-04T08:27:02","modified_gmt":"2022-01-04T11:27:02","slug":"sl028-fd-0004","status":"publish","type":"product","link":"https:\/\/www.museuhistoricosl.com.br\/loja\/produto\/sl028-fd-0004\/","title":{"rendered":"SL028-FD-0004"},"content":{"rendered":"<p>Visita do Fogo Simb\u00f3lico sendo guardado por autoridades e soldados do Ex\u00e9rcito \u2013 S\u00e3o Leopoldo. &#8211; C\u00f3digo anterior de cat\u00e1logo:FD 28-2,4; Desfiles Semana da P\u00e1tria; <\/p>\n","protected":false},"excerpt":{"rendered":"<p>Visita do Fogo Simb\u00f3lico sendo guardado por autoridades e soldados do Ex\u00e9rcito \u2013 S\u00e3o Leopoldo. &#8211; C\u00f3digo anterior de cat\u00e1logo:FD<\/p>\n","protected":false},"featured_media":17588,"comment_status":"open","ping_status":"closed","template":"","meta":{"_acf_changed":false},"product_cat":[56],"product_tag":[],"class_list":["post-17589","product","type-product","status-publish","has-post-thumbnail","hentry","product_cat-desfiles-semana-da-patria"],"acf":[],"_links":{"self":[{"href":"https:\/\/www.museuhistoricosl.com.br\/loja\/wp-json\/wp\/v2\/product\/17589","targetHints":{"allow":["GET"]}}],"collection":[{"href":"https:\/\/www.museuhistoricosl.com.br\/loja\/wp-json\/wp\/v2\/product"}],"about":[{"href":"https:\/\/www.museuhistoricosl.com.br\/loja\/wp-json\/wp\/v2\/types\/product"}],"replies":[{"embeddable":true,"href":"https:\/\/www.museuhistoricosl.com.br\/loja\/wp-json\/wp\/v2\/comments?post=17589"}],"wp:featuredmedia":[{"embeddable":true,"href":"https:\/\/www.museuhistoricosl.com.br\/loja\/wp-json\/wp\/v2\/media\/17588"}],"wp:attachment":[{"href":"https:\/\/www.museuhistoricosl.com.br\/loja\/wp-json\/wp\/v2\/media?parent=17589"}],"wp:term":[{"taxonomy":"product_cat","embeddable":true,"href":"https:\/\/www.museuhistoricosl.com.br\/loja\/wp-json\/wp\/v2\/product_cat?post=17589"},{"taxonomy":"product_tag","embeddable":true,"href":"https:\/\/www.museuhistoricosl.com.br\/loja\/wp-json\/wp\/v2\/product_tag?post=17589"}],"curies":[{"name":"wp","href":"https:\/\/api.w.org\/{rel}","templated":true}]}}