{"id":17541,"date":"2022-01-03T13:47:25","date_gmt":"2022-01-03T16:47:25","guid":{"rendered":"https:\/\/www.museuhistoricosl.com.br\/loja\/produto\/sl027-fd-0200\/"},"modified":"2022-01-03T13:47:25","modified_gmt":"2022-01-03T16:47:25","slug":"sl027-fd-0200","status":"publish","type":"product","link":"https:\/\/www.museuhistoricosl.com.br\/loja\/produto\/sl027-fd-0200\/","title":{"rendered":"SL027-FD-0200"},"content":{"rendered":"<p>Cruz Vermelha Brasileira &#8211; SL, verifica\u00e7\u00e3o da press\u00e3o arterial quando da comemora\u00e7\u00e3o dos 44 anos de exist\u00eancia, 25\/06\/1985 ; Cruz Vermelha &#8211; S\u00e3o Leopoldo; <\/p>\n","protected":false},"excerpt":{"rendered":"<p>Cruz Vermelha Brasileira &#8211; SL, verifica\u00e7\u00e3o da press\u00e3o arterial quando da comemora\u00e7\u00e3o dos 44 anos de exist\u00eancia, 25\/06\/1985 ; Cruz<\/p>\n","protected":false},"featured_media":17540,"comment_status":"open","ping_status":"closed","template":"","meta":{"_acf_changed":false},"product_cat":[55],"product_tag":[],"class_list":["post-17541","product","type-product","status-publish","has-post-thumbnail","hentry","product_cat-cruz-vermelha-sao-leopoldo"],"acf":[],"_links":{"self":[{"href":"https:\/\/www.museuhistoricosl.com.br\/loja\/wp-json\/wp\/v2\/product\/17541","targetHints":{"allow":["GET"]}}],"collection":[{"href":"https:\/\/www.museuhistoricosl.com.br\/loja\/wp-json\/wp\/v2\/product"}],"about":[{"href":"https:\/\/www.museuhistoricosl.com.br\/loja\/wp-json\/wp\/v2\/types\/product"}],"replies":[{"embeddable":true,"href":"https:\/\/www.museuhistoricosl.com.br\/loja\/wp-json\/wp\/v2\/comments?post=17541"}],"wp:featuredmedia":[{"embeddable":true,"href":"https:\/\/www.museuhistoricosl.com.br\/loja\/wp-json\/wp\/v2\/media\/17540"}],"wp:attachment":[{"href":"https:\/\/www.museuhistoricosl.com.br\/loja\/wp-json\/wp\/v2\/media?parent=17541"}],"wp:term":[{"taxonomy":"product_cat","embeddable":true,"href":"https:\/\/www.museuhistoricosl.com.br\/loja\/wp-json\/wp\/v2\/product_cat?post=17541"},{"taxonomy":"product_tag","embeddable":true,"href":"https:\/\/www.museuhistoricosl.com.br\/loja\/wp-json\/wp\/v2\/product_tag?post=17541"}],"curies":[{"name":"wp","href":"https:\/\/api.w.org\/{rel}","templated":true}]}}