{"id":17501,"date":"2022-01-03T13:47:14","date_gmt":"2022-01-03T16:47:14","guid":{"rendered":"https:\/\/www.museuhistoricosl.com.br\/loja\/produto\/sl027-fd-0180\/"},"modified":"2022-01-03T13:47:14","modified_gmt":"2022-01-03T16:47:14","slug":"sl027-fd-0180","status":"publish","type":"product","link":"https:\/\/www.museuhistoricosl.com.br\/loja\/produto\/sl027-fd-0180\/","title":{"rendered":"SL027-FD-0180"},"content":{"rendered":"<p>APAE, Natal da Crian\u00e7a Carrente, Sal\u00e3o Paroquial da Igreja S\u00e3o Jos\u00e9 Oper\u00e1rio, Fi\u00e3o, promo\u00e7\u00e3o LBA e comunidade, 15\/12\/1983; Cruz Vermelha &#8211; S\u00e3o Leopoldo; <\/p>\n","protected":false},"excerpt":{"rendered":"<p>APAE, Natal da Crian\u00e7a Carrente, Sal\u00e3o Paroquial da Igreja S\u00e3o Jos\u00e9 Oper\u00e1rio, Fi\u00e3o, promo\u00e7\u00e3o LBA e comunidade, 15\/12\/1983; Cruz Vermelha<\/p>\n","protected":false},"featured_media":17500,"comment_status":"open","ping_status":"closed","template":"","meta":{"_acf_changed":false},"product_cat":[55],"product_tag":[],"class_list":["post-17501","product","type-product","status-publish","has-post-thumbnail","hentry","product_cat-cruz-vermelha-sao-leopoldo"],"acf":[],"_links":{"self":[{"href":"https:\/\/www.museuhistoricosl.com.br\/loja\/wp-json\/wp\/v2\/product\/17501","targetHints":{"allow":["GET"]}}],"collection":[{"href":"https:\/\/www.museuhistoricosl.com.br\/loja\/wp-json\/wp\/v2\/product"}],"about":[{"href":"https:\/\/www.museuhistoricosl.com.br\/loja\/wp-json\/wp\/v2\/types\/product"}],"replies":[{"embeddable":true,"href":"https:\/\/www.museuhistoricosl.com.br\/loja\/wp-json\/wp\/v2\/comments?post=17501"}],"wp:featuredmedia":[{"embeddable":true,"href":"https:\/\/www.museuhistoricosl.com.br\/loja\/wp-json\/wp\/v2\/media\/17500"}],"wp:attachment":[{"href":"https:\/\/www.museuhistoricosl.com.br\/loja\/wp-json\/wp\/v2\/media?parent=17501"}],"wp:term":[{"taxonomy":"product_cat","embeddable":true,"href":"https:\/\/www.museuhistoricosl.com.br\/loja\/wp-json\/wp\/v2\/product_cat?post=17501"},{"taxonomy":"product_tag","embeddable":true,"href":"https:\/\/www.museuhistoricosl.com.br\/loja\/wp-json\/wp\/v2\/product_tag?post=17501"}],"curies":[{"name":"wp","href":"https:\/\/api.w.org\/{rel}","templated":true}]}}