{"id":17223,"date":"2022-01-03T13:46:04","date_gmt":"2022-01-03T16:46:04","guid":{"rendered":"https:\/\/www.museuhistoricosl.com.br\/loja\/produto\/sl027-fd-0041\/"},"modified":"2022-01-03T13:46:04","modified_gmt":"2022-01-03T16:46:04","slug":"sl027-fd-0041","status":"publish","type":"product","link":"https:\/\/www.museuhistoricosl.com.br\/loja\/produto\/sl027-fd-0041\/","title":{"rendered":"SL027-FD-0041"},"content":{"rendered":"<p>Cruz Vermelha Brasileira &#8211; Jantar c\/ ex-misses brotinho de SL (no Orpheu) 8nov84 &#8211; C\u00f3digo anterior de cat\u00e1logo:FD-27,41; Cruz Vermelha &#8211; S\u00e3o Leopoldo; <\/p>\n","protected":false},"excerpt":{"rendered":"<p>Cruz Vermelha Brasileira &#8211; Jantar c\/ ex-misses brotinho de SL (no Orpheu) 8nov84 &#8211; C\u00f3digo anterior de cat\u00e1logo:FD-27,41; Cruz Vermelha<\/p>\n","protected":false},"featured_media":17222,"comment_status":"open","ping_status":"closed","template":"","meta":{"_acf_changed":false},"product_cat":[55],"product_tag":[],"class_list":["post-17223","product","type-product","status-publish","has-post-thumbnail","hentry","product_cat-cruz-vermelha-sao-leopoldo"],"acf":[],"_links":{"self":[{"href":"https:\/\/www.museuhistoricosl.com.br\/loja\/wp-json\/wp\/v2\/product\/17223","targetHints":{"allow":["GET"]}}],"collection":[{"href":"https:\/\/www.museuhistoricosl.com.br\/loja\/wp-json\/wp\/v2\/product"}],"about":[{"href":"https:\/\/www.museuhistoricosl.com.br\/loja\/wp-json\/wp\/v2\/types\/product"}],"replies":[{"embeddable":true,"href":"https:\/\/www.museuhistoricosl.com.br\/loja\/wp-json\/wp\/v2\/comments?post=17223"}],"wp:featuredmedia":[{"embeddable":true,"href":"https:\/\/www.museuhistoricosl.com.br\/loja\/wp-json\/wp\/v2\/media\/17222"}],"wp:attachment":[{"href":"https:\/\/www.museuhistoricosl.com.br\/loja\/wp-json\/wp\/v2\/media?parent=17223"}],"wp:term":[{"taxonomy":"product_cat","embeddable":true,"href":"https:\/\/www.museuhistoricosl.com.br\/loja\/wp-json\/wp\/v2\/product_cat?post=17223"},{"taxonomy":"product_tag","embeddable":true,"href":"https:\/\/www.museuhistoricosl.com.br\/loja\/wp-json\/wp\/v2\/product_tag?post=17223"}],"curies":[{"name":"wp","href":"https:\/\/api.w.org\/{rel}","templated":true}]}}