{"id":17191,"date":"2022-01-03T13:45:51","date_gmt":"2022-01-03T16:45:51","guid":{"rendered":"https:\/\/www.museuhistoricosl.com.br\/loja\/produto\/sl027-fd-0025\/"},"modified":"2022-01-03T13:45:51","modified_gmt":"2022-01-03T16:45:51","slug":"sl027-fd-0025","status":"publish","type":"product","link":"https:\/\/www.museuhistoricosl.com.br\/loja\/produto\/sl027-fd-0025\/","title":{"rendered":"SL027-FD-0025"},"content":{"rendered":"<p>Samaritanas da Cruz Vermelha &#8211; 1\u00aa turma, 1943 &#8211; Sentadas, da esq. p\/ dir. &#8211; 1 Parahim Lustosa &#8211; 2 Sem Descri\u00e7\u00e3o &#8211; 3 Dr. Bento Velloso Rocha &#8211; 4 Cel. Theodomiro Porto da Fonseca &#8211; 5 Sem Descri\u00e7\u00e3o &#8211; 6 sem Descri\u00e7\u00e3o &#8211; 7 Guido Wolfenb\u00fcttel &#8211; 8 D. Guido Hofmann &#8211; De p\u00e9 da esq. p\/ direita &#8211; 1 Sem descri\u00e7\u00e3o &#8211; 2 Sem descri\u00e7\u00e3o &#8211; 3 Mosa Martorano &#8211; 4 Dalila Bier &#8211; 5 Iris Schimdt &#8211; 6 L\u00facia Gerhardt &#8211; 7 Lucy M\u00fcller &#8211; 8 Iracema Westfallen &#8211; 9 Lori Fick &#8211; 10 Sem descri\u00e7\u00e3o &#8211; C\u00f3digo anterior de cat\u00e1logo:FD 27,25; Cruz Vermelha &#8211; S\u00e3o Leopoldo; Samaritanas da Cruz Vermelha &#8211; 1\u00aa Turma<\/p>\n","protected":false},"excerpt":{"rendered":"<p>Samaritanas da Cruz Vermelha &#8211; 1\u00aa turma, 1943 &#8211; Sentadas, da esq. p\/ dir. &#8211; 1 Parahim Lustosa &#8211; 2<\/p>\n","protected":false},"featured_media":17190,"comment_status":"open","ping_status":"closed","template":"","meta":{"_acf_changed":false},"product_cat":[55],"product_tag":[],"class_list":["post-17191","product","type-product","status-publish","has-post-thumbnail","hentry","product_cat-cruz-vermelha-sao-leopoldo"],"acf":[],"_links":{"self":[{"href":"https:\/\/www.museuhistoricosl.com.br\/loja\/wp-json\/wp\/v2\/product\/17191","targetHints":{"allow":["GET"]}}],"collection":[{"href":"https:\/\/www.museuhistoricosl.com.br\/loja\/wp-json\/wp\/v2\/product"}],"about":[{"href":"https:\/\/www.museuhistoricosl.com.br\/loja\/wp-json\/wp\/v2\/types\/product"}],"replies":[{"embeddable":true,"href":"https:\/\/www.museuhistoricosl.com.br\/loja\/wp-json\/wp\/v2\/comments?post=17191"}],"wp:featuredmedia":[{"embeddable":true,"href":"https:\/\/www.museuhistoricosl.com.br\/loja\/wp-json\/wp\/v2\/media\/17190"}],"wp:attachment":[{"href":"https:\/\/www.museuhistoricosl.com.br\/loja\/wp-json\/wp\/v2\/media?parent=17191"}],"wp:term":[{"taxonomy":"product_cat","embeddable":true,"href":"https:\/\/www.museuhistoricosl.com.br\/loja\/wp-json\/wp\/v2\/product_cat?post=17191"},{"taxonomy":"product_tag","embeddable":true,"href":"https:\/\/www.museuhistoricosl.com.br\/loja\/wp-json\/wp\/v2\/product_tag?post=17191"}],"curies":[{"name":"wp","href":"https:\/\/api.w.org\/{rel}","templated":true}]}}