{"id":17179,"date":"2022-01-03T13:45:49","date_gmt":"2022-01-03T16:45:49","guid":{"rendered":"https:\/\/www.museuhistoricosl.com.br\/loja\/produto\/sl027-fd-0019\/"},"modified":"2022-01-03T13:45:49","modified_gmt":"2022-01-03T16:45:49","slug":"sl027-fd-0019","status":"publish","type":"product","link":"https:\/\/www.museuhistoricosl.com.br\/loja\/produto\/sl027-fd-0019\/","title":{"rendered":"SL027-FD-0019"},"content":{"rendered":"<p>12\/1926 (Observa\u00e7\u00e3o: na foto original a numera\u00e7\u00e3o conta como: FD \u2013 27, 13). &#8211; C\u00f3digo anterior de cat\u00e1logo:FD 27,19; Cruz Vermelha &#8211; S\u00e3o Leopoldo; Natal dos Pobresinhos &#8211; 1a Leva Martius Staden<\/p>\n","protected":false},"excerpt":{"rendered":"<p>12\/1926 (Observa\u00e7\u00e3o: na foto original a numera\u00e7\u00e3o conta como: FD \u2013 27, 13). &#8211; C\u00f3digo anterior de cat\u00e1logo:FD 27,19; Cruz<\/p>\n","protected":false},"featured_media":17178,"comment_status":"open","ping_status":"closed","template":"","meta":{"_acf_changed":false},"product_cat":[55],"product_tag":[],"class_list":["post-17179","product","type-product","status-publish","has-post-thumbnail","hentry","product_cat-cruz-vermelha-sao-leopoldo"],"acf":[],"_links":{"self":[{"href":"https:\/\/www.museuhistoricosl.com.br\/loja\/wp-json\/wp\/v2\/product\/17179","targetHints":{"allow":["GET"]}}],"collection":[{"href":"https:\/\/www.museuhistoricosl.com.br\/loja\/wp-json\/wp\/v2\/product"}],"about":[{"href":"https:\/\/www.museuhistoricosl.com.br\/loja\/wp-json\/wp\/v2\/types\/product"}],"replies":[{"embeddable":true,"href":"https:\/\/www.museuhistoricosl.com.br\/loja\/wp-json\/wp\/v2\/comments?post=17179"}],"wp:featuredmedia":[{"embeddable":true,"href":"https:\/\/www.museuhistoricosl.com.br\/loja\/wp-json\/wp\/v2\/media\/17178"}],"wp:attachment":[{"href":"https:\/\/www.museuhistoricosl.com.br\/loja\/wp-json\/wp\/v2\/media?parent=17179"}],"wp:term":[{"taxonomy":"product_cat","embeddable":true,"href":"https:\/\/www.museuhistoricosl.com.br\/loja\/wp-json\/wp\/v2\/product_cat?post=17179"},{"taxonomy":"product_tag","embeddable":true,"href":"https:\/\/www.museuhistoricosl.com.br\/loja\/wp-json\/wp\/v2\/product_tag?post=17179"}],"curies":[{"name":"wp","href":"https:\/\/api.w.org\/{rel}","templated":true}]}}