{"id":17012,"date":"2022-01-03T13:36:47","date_gmt":"2022-01-03T16:36:47","guid":{"rendered":"https:\/\/www.museuhistoricosl.com.br\/loja\/produto\/sl026-fd-0044\/"},"modified":"2022-01-03T13:36:47","modified_gmt":"2022-01-03T16:36:47","slug":"sl026-fd-0044","status":"publish","type":"product","link":"https:\/\/www.museuhistoricosl.com.br\/loja\/produto\/sl026-fd-0044\/","title":{"rendered":"SL026-FD-0044"},"content":{"rendered":"<p>OAB &#8211; Ordem dos Advogados do Brasil, Subse\u00e7\u00e3o de SL, reuni\u00e3o almo\u00e7o, da OAB-SL, 31\/05\/1984; CRT &#8211; COHAB &#8211; OAB; <\/p>\n","protected":false},"excerpt":{"rendered":"<p>OAB &#8211; Ordem dos Advogados do Brasil, Subse\u00e7\u00e3o de SL, reuni\u00e3o almo\u00e7o, da OAB-SL, 31\/05\/1984; CRT &#8211; COHAB &#8211; OAB;<\/p>\n","protected":false},"featured_media":17011,"comment_status":"open","ping_status":"closed","template":"","meta":{"_acf_changed":false},"product_cat":[54],"product_tag":[],"class_list":["post-17012","product","type-product","status-publish","has-post-thumbnail","hentry","product_cat-crt-cohab-oab"],"acf":[],"_links":{"self":[{"href":"https:\/\/www.museuhistoricosl.com.br\/loja\/wp-json\/wp\/v2\/product\/17012","targetHints":{"allow":["GET"]}}],"collection":[{"href":"https:\/\/www.museuhistoricosl.com.br\/loja\/wp-json\/wp\/v2\/product"}],"about":[{"href":"https:\/\/www.museuhistoricosl.com.br\/loja\/wp-json\/wp\/v2\/types\/product"}],"replies":[{"embeddable":true,"href":"https:\/\/www.museuhistoricosl.com.br\/loja\/wp-json\/wp\/v2\/comments?post=17012"}],"wp:featuredmedia":[{"embeddable":true,"href":"https:\/\/www.museuhistoricosl.com.br\/loja\/wp-json\/wp\/v2\/media\/17011"}],"wp:attachment":[{"href":"https:\/\/www.museuhistoricosl.com.br\/loja\/wp-json\/wp\/v2\/media?parent=17012"}],"wp:term":[{"taxonomy":"product_cat","embeddable":true,"href":"https:\/\/www.museuhistoricosl.com.br\/loja\/wp-json\/wp\/v2\/product_cat?post=17012"},{"taxonomy":"product_tag","embeddable":true,"href":"https:\/\/www.museuhistoricosl.com.br\/loja\/wp-json\/wp\/v2\/product_tag?post=17012"}],"curies":[{"name":"wp","href":"https:\/\/api.w.org\/{rel}","templated":true}]}}