{"id":17004,"date":"2022-01-03T13:36:45","date_gmt":"2022-01-03T16:36:45","guid":{"rendered":"https:\/\/www.museuhistoricosl.com.br\/loja\/produto\/sl026-fd-0040\/"},"modified":"2022-01-03T13:36:45","modified_gmt":"2022-01-03T16:36:45","slug":"sl026-fd-0040","status":"publish","type":"product","link":"https:\/\/www.museuhistoricosl.com.br\/loja\/produto\/sl026-fd-0040\/","title":{"rendered":"SL026-FD-0040"},"content":{"rendered":"<p>Alceu  Martins na visita CSU na inaugura\u00e7\u00e3o da ilumina\u00e7\u00e3o do campo, 27\/04\/1983; CRT &#8211; COHAB &#8211; OAB; <\/p>\n","protected":false},"excerpt":{"rendered":"<p>Alceu Martins na visita CSU na inaugura\u00e7\u00e3o da ilumina\u00e7\u00e3o do campo, 27\/04\/1983; CRT &#8211; COHAB &#8211; OAB;<\/p>\n","protected":false},"featured_media":17003,"comment_status":"open","ping_status":"closed","template":"","meta":{"_acf_changed":false},"product_cat":[54],"product_tag":[],"class_list":["post-17004","product","type-product","status-publish","has-post-thumbnail","hentry","product_cat-crt-cohab-oab"],"acf":[],"_links":{"self":[{"href":"https:\/\/www.museuhistoricosl.com.br\/loja\/wp-json\/wp\/v2\/product\/17004","targetHints":{"allow":["GET"]}}],"collection":[{"href":"https:\/\/www.museuhistoricosl.com.br\/loja\/wp-json\/wp\/v2\/product"}],"about":[{"href":"https:\/\/www.museuhistoricosl.com.br\/loja\/wp-json\/wp\/v2\/types\/product"}],"replies":[{"embeddable":true,"href":"https:\/\/www.museuhistoricosl.com.br\/loja\/wp-json\/wp\/v2\/comments?post=17004"}],"wp:featuredmedia":[{"embeddable":true,"href":"https:\/\/www.museuhistoricosl.com.br\/loja\/wp-json\/wp\/v2\/media\/17003"}],"wp:attachment":[{"href":"https:\/\/www.museuhistoricosl.com.br\/loja\/wp-json\/wp\/v2\/media?parent=17004"}],"wp:term":[{"taxonomy":"product_cat","embeddable":true,"href":"https:\/\/www.museuhistoricosl.com.br\/loja\/wp-json\/wp\/v2\/product_cat?post=17004"},{"taxonomy":"product_tag","embeddable":true,"href":"https:\/\/www.museuhistoricosl.com.br\/loja\/wp-json\/wp\/v2\/product_tag?post=17004"}],"curies":[{"name":"wp","href":"https:\/\/api.w.org\/{rel}","templated":true}]}}