{"id":16978,"date":"2022-01-03T13:36:35","date_gmt":"2022-01-03T16:36:35","guid":{"rendered":"https:\/\/www.museuhistoricosl.com.br\/loja\/produto\/sl026-fd-0027\/"},"modified":"2022-01-03T13:36:35","modified_gmt":"2022-01-03T16:36:35","slug":"sl026-fd-0027","status":"publish","type":"product","link":"https:\/\/www.museuhistoricosl.com.br\/loja\/produto\/sl026-fd-0027\/","title":{"rendered":"SL026-FD-0027"},"content":{"rendered":"<p>Assembl\u00e9ia Regional de Advogados, F\u00f3rum discute falta de ju\u00edzes no F\u00f3rum, 12\/1985; CRT &#8211; COHAB &#8211; OAB; <\/p>\n","protected":false},"excerpt":{"rendered":"<p>Assembl\u00e9ia Regional de Advogados, F\u00f3rum discute falta de ju\u00edzes no F\u00f3rum, 12\/1985; CRT &#8211; COHAB &#8211; OAB;<\/p>\n","protected":false},"featured_media":16977,"comment_status":"open","ping_status":"closed","template":"","meta":{"_acf_changed":false},"product_cat":[54],"product_tag":[],"class_list":["post-16978","product","type-product","status-publish","has-post-thumbnail","hentry","product_cat-crt-cohab-oab"],"acf":[],"_links":{"self":[{"href":"https:\/\/www.museuhistoricosl.com.br\/loja\/wp-json\/wp\/v2\/product\/16978","targetHints":{"allow":["GET"]}}],"collection":[{"href":"https:\/\/www.museuhistoricosl.com.br\/loja\/wp-json\/wp\/v2\/product"}],"about":[{"href":"https:\/\/www.museuhistoricosl.com.br\/loja\/wp-json\/wp\/v2\/types\/product"}],"replies":[{"embeddable":true,"href":"https:\/\/www.museuhistoricosl.com.br\/loja\/wp-json\/wp\/v2\/comments?post=16978"}],"wp:featuredmedia":[{"embeddable":true,"href":"https:\/\/www.museuhistoricosl.com.br\/loja\/wp-json\/wp\/v2\/media\/16977"}],"wp:attachment":[{"href":"https:\/\/www.museuhistoricosl.com.br\/loja\/wp-json\/wp\/v2\/media?parent=16978"}],"wp:term":[{"taxonomy":"product_cat","embeddable":true,"href":"https:\/\/www.museuhistoricosl.com.br\/loja\/wp-json\/wp\/v2\/product_cat?post=16978"},{"taxonomy":"product_tag","embeddable":true,"href":"https:\/\/www.museuhistoricosl.com.br\/loja\/wp-json\/wp\/v2\/product_tag?post=16978"}],"curies":[{"name":"wp","href":"https:\/\/api.w.org\/{rel}","templated":true}]}}