{"id":16974,"date":"2022-01-03T13:36:35","date_gmt":"2022-01-03T16:36:35","guid":{"rendered":"https:\/\/www.museuhistoricosl.com.br\/loja\/produto\/sl026-fd-0025\/"},"modified":"2022-01-03T13:36:35","modified_gmt":"2022-01-03T16:36:35","slug":"sl026-fd-0025","status":"publish","type":"product","link":"https:\/\/www.museuhistoricosl.com.br\/loja\/produto\/sl026-fd-0025\/","title":{"rendered":"SL026-FD-0025"},"content":{"rendered":"<p>Confraterniza\u00e7\u00e3o da Subsec\u00e7\u00e3o da OAB, 09\/1980; CRT &#8211; COHAB &#8211; OAB; <\/p>\n","protected":false},"excerpt":{"rendered":"<p>Confraterniza\u00e7\u00e3o da Subsec\u00e7\u00e3o da OAB, 09\/1980; CRT &#8211; COHAB &#8211; OAB;<\/p>\n","protected":false},"featured_media":16973,"comment_status":"open","ping_status":"closed","template":"","meta":{"_acf_changed":false},"product_cat":[54],"product_tag":[],"class_list":["post-16974","product","type-product","status-publish","has-post-thumbnail","hentry","product_cat-crt-cohab-oab"],"acf":[],"_links":{"self":[{"href":"https:\/\/www.museuhistoricosl.com.br\/loja\/wp-json\/wp\/v2\/product\/16974","targetHints":{"allow":["GET"]}}],"collection":[{"href":"https:\/\/www.museuhistoricosl.com.br\/loja\/wp-json\/wp\/v2\/product"}],"about":[{"href":"https:\/\/www.museuhistoricosl.com.br\/loja\/wp-json\/wp\/v2\/types\/product"}],"replies":[{"embeddable":true,"href":"https:\/\/www.museuhistoricosl.com.br\/loja\/wp-json\/wp\/v2\/comments?post=16974"}],"wp:featuredmedia":[{"embeddable":true,"href":"https:\/\/www.museuhistoricosl.com.br\/loja\/wp-json\/wp\/v2\/media\/16973"}],"wp:attachment":[{"href":"https:\/\/www.museuhistoricosl.com.br\/loja\/wp-json\/wp\/v2\/media?parent=16974"}],"wp:term":[{"taxonomy":"product_cat","embeddable":true,"href":"https:\/\/www.museuhistoricosl.com.br\/loja\/wp-json\/wp\/v2\/product_cat?post=16974"},{"taxonomy":"product_tag","embeddable":true,"href":"https:\/\/www.museuhistoricosl.com.br\/loja\/wp-json\/wp\/v2\/product_tag?post=16974"}],"curies":[{"name":"wp","href":"https:\/\/api.w.org\/{rel}","templated":true}]}}