{"id":16934,"date":"2022-01-03T13:36:26","date_gmt":"2022-01-03T16:36:26","guid":{"rendered":"https:\/\/www.museuhistoricosl.com.br\/loja\/produto\/sl026-fd-0005\/"},"modified":"2022-01-03T13:36:26","modified_gmt":"2022-01-03T16:36:26","slug":"sl026-fd-0005","status":"publish","type":"product","link":"https:\/\/www.museuhistoricosl.com.br\/loja\/produto\/sl026-fd-0005\/","title":{"rendered":"SL026-FD-0005"},"content":{"rendered":"<p>Habita\u00e7\u00e3o, \u00c1rea do Instituto de Pens\u00f5es de SL, retirada de posseiros, 05\/04\/1988, Foto Vilmar; CRT &#8211; COHAB &#8211; OAB; <\/p>\n","protected":false},"excerpt":{"rendered":"<p>Habita\u00e7\u00e3o, \u00c1rea do Instituto de Pens\u00f5es de SL, retirada de posseiros, 05\/04\/1988, Foto Vilmar; CRT &#8211; COHAB &#8211; OAB;<\/p>\n","protected":false},"featured_media":16933,"comment_status":"open","ping_status":"closed","template":"","meta":{"_acf_changed":false},"product_cat":[54],"product_tag":[],"class_list":["post-16934","product","type-product","status-publish","has-post-thumbnail","hentry","product_cat-crt-cohab-oab"],"acf":[],"_links":{"self":[{"href":"https:\/\/www.museuhistoricosl.com.br\/loja\/wp-json\/wp\/v2\/product\/16934","targetHints":{"allow":["GET"]}}],"collection":[{"href":"https:\/\/www.museuhistoricosl.com.br\/loja\/wp-json\/wp\/v2\/product"}],"about":[{"href":"https:\/\/www.museuhistoricosl.com.br\/loja\/wp-json\/wp\/v2\/types\/product"}],"replies":[{"embeddable":true,"href":"https:\/\/www.museuhistoricosl.com.br\/loja\/wp-json\/wp\/v2\/comments?post=16934"}],"wp:featuredmedia":[{"embeddable":true,"href":"https:\/\/www.museuhistoricosl.com.br\/loja\/wp-json\/wp\/v2\/media\/16933"}],"wp:attachment":[{"href":"https:\/\/www.museuhistoricosl.com.br\/loja\/wp-json\/wp\/v2\/media?parent=16934"}],"wp:term":[{"taxonomy":"product_cat","embeddable":true,"href":"https:\/\/www.museuhistoricosl.com.br\/loja\/wp-json\/wp\/v2\/product_cat?post=16934"},{"taxonomy":"product_tag","embeddable":true,"href":"https:\/\/www.museuhistoricosl.com.br\/loja\/wp-json\/wp\/v2\/product_tag?post=16934"}],"curies":[{"name":"wp","href":"https:\/\/api.w.org\/{rel}","templated":true}]}}