{"id":16221,"date":"2022-01-03T13:25:52","date_gmt":"2022-01-03T16:25:52","guid":{"rendered":"https:\/\/www.museuhistoricosl.com.br\/loja\/produto\/sl086-fd-0023\/"},"modified":"2022-01-03T13:25:52","modified_gmt":"2022-01-03T16:25:52","slug":"sl086-fd-0023","status":"publish","type":"product","link":"https:\/\/www.museuhistoricosl.com.br\/loja\/produto\/sl086-fd-0023\/","title":{"rendered":"SL086-FD-0023"},"content":{"rendered":"<p>Rainha e Pricesas da Oktoberfest (Santa Cruz do Sul) em S\u00e3o Leopoldo, 12\/07\/1991; Comemora\u00e7\u00f5es 25 de Julho &#8211; S\u00e3o Leopoldo; <\/p>\n","protected":false},"excerpt":{"rendered":"<p>Rainha e Pricesas da Oktoberfest (Santa Cruz do Sul) em S\u00e3o Leopoldo, 12\/07\/1991; Comemora\u00e7\u00f5es 25 de Julho &#8211; S\u00e3o Leopoldo;<\/p>\n","protected":false},"featured_media":16220,"comment_status":"open","ping_status":"closed","template":"","meta":{"_acf_changed":false},"product_cat":[53],"product_tag":[],"class_list":["post-16221","product","type-product","status-publish","has-post-thumbnail","hentry","product_cat-comemoracoes-25-de-julho-sao-leopoldo"],"acf":[],"_links":{"self":[{"href":"https:\/\/www.museuhistoricosl.com.br\/loja\/wp-json\/wp\/v2\/product\/16221","targetHints":{"allow":["GET"]}}],"collection":[{"href":"https:\/\/www.museuhistoricosl.com.br\/loja\/wp-json\/wp\/v2\/product"}],"about":[{"href":"https:\/\/www.museuhistoricosl.com.br\/loja\/wp-json\/wp\/v2\/types\/product"}],"replies":[{"embeddable":true,"href":"https:\/\/www.museuhistoricosl.com.br\/loja\/wp-json\/wp\/v2\/comments?post=16221"}],"wp:featuredmedia":[{"embeddable":true,"href":"https:\/\/www.museuhistoricosl.com.br\/loja\/wp-json\/wp\/v2\/media\/16220"}],"wp:attachment":[{"href":"https:\/\/www.museuhistoricosl.com.br\/loja\/wp-json\/wp\/v2\/media?parent=16221"}],"wp:term":[{"taxonomy":"product_cat","embeddable":true,"href":"https:\/\/www.museuhistoricosl.com.br\/loja\/wp-json\/wp\/v2\/product_cat?post=16221"},{"taxonomy":"product_tag","embeddable":true,"href":"https:\/\/www.museuhistoricosl.com.br\/loja\/wp-json\/wp\/v2\/product_tag?post=16221"}],"curies":[{"name":"wp","href":"https:\/\/api.w.org\/{rel}","templated":true}]}}