{"id":16189,"date":"2022-01-03T13:25:46","date_gmt":"2022-01-03T16:25:46","guid":{"rendered":"https:\/\/www.museuhistoricosl.com.br\/loja\/produto\/sl086-fd-0007\/"},"modified":"2022-01-03T13:25:46","modified_gmt":"2022-01-03T16:25:46","slug":"sl086-fd-0007","status":"publish","type":"product","link":"https:\/\/www.museuhistoricosl.com.br\/loja\/produto\/sl086-fd-0007\/","title":{"rendered":"SL086-FD-0007"},"content":{"rendered":"<p>Baile do Imigrante na Sociedade de Canto Fazenda S\u00e3o Borja, 24\/07\/1982; Comemora\u00e7\u00f5es 25 de Julho &#8211; S\u00e3o Leopoldo; <\/p>\n","protected":false},"excerpt":{"rendered":"<p>Baile do Imigrante na Sociedade de Canto Fazenda S\u00e3o Borja, 24\/07\/1982; Comemora\u00e7\u00f5es 25 de Julho &#8211; S\u00e3o Leopoldo;<\/p>\n","protected":false},"featured_media":16188,"comment_status":"open","ping_status":"closed","template":"","meta":{"_acf_changed":false},"product_cat":[53],"product_tag":[],"class_list":["post-16189","product","type-product","status-publish","has-post-thumbnail","hentry","product_cat-comemoracoes-25-de-julho-sao-leopoldo"],"acf":[],"_links":{"self":[{"href":"https:\/\/www.museuhistoricosl.com.br\/loja\/wp-json\/wp\/v2\/product\/16189","targetHints":{"allow":["GET"]}}],"collection":[{"href":"https:\/\/www.museuhistoricosl.com.br\/loja\/wp-json\/wp\/v2\/product"}],"about":[{"href":"https:\/\/www.museuhistoricosl.com.br\/loja\/wp-json\/wp\/v2\/types\/product"}],"replies":[{"embeddable":true,"href":"https:\/\/www.museuhistoricosl.com.br\/loja\/wp-json\/wp\/v2\/comments?post=16189"}],"wp:featuredmedia":[{"embeddable":true,"href":"https:\/\/www.museuhistoricosl.com.br\/loja\/wp-json\/wp\/v2\/media\/16188"}],"wp:attachment":[{"href":"https:\/\/www.museuhistoricosl.com.br\/loja\/wp-json\/wp\/v2\/media?parent=16189"}],"wp:term":[{"taxonomy":"product_cat","embeddable":true,"href":"https:\/\/www.museuhistoricosl.com.br\/loja\/wp-json\/wp\/v2\/product_cat?post=16189"},{"taxonomy":"product_tag","embeddable":true,"href":"https:\/\/www.museuhistoricosl.com.br\/loja\/wp-json\/wp\/v2\/product_tag?post=16189"}],"curies":[{"name":"wp","href":"https:\/\/api.w.org\/{rel}","templated":true}]}}