{"id":16133,"date":"2022-01-03T11:30:14","date_gmt":"2022-01-03T14:30:14","guid":{"rendered":"https:\/\/www.museuhistoricosl.com.br\/loja\/produto\/sl022-fd-0130\/"},"modified":"2022-01-03T11:30:14","modified_gmt":"2022-01-03T14:30:14","slug":"sl022-fd-0130","status":"publish","type":"product","link":"https:\/\/www.museuhistoricosl.com.br\/loja\/produto\/sl022-fd-0130\/","title":{"rendered":"SL022-FD-0130"},"content":{"rendered":"<p>Irm\u00e3s Franciscanas de S\u00e3o Leopoldo, 150 anos de atividades. 14\/05\/1984.; Col\u00e9gio S\u00e3o Jos\u00e9 &#8211; S\u00e3o Leopoldo; <\/p>\n","protected":false},"excerpt":{"rendered":"<p>Irm\u00e3s Franciscanas de S\u00e3o Leopoldo, 150 anos de atividades. 14\/05\/1984.; Col\u00e9gio S\u00e3o Jos\u00e9 &#8211; S\u00e3o Leopoldo;<\/p>\n","protected":false},"featured_media":16132,"comment_status":"open","ping_status":"closed","template":"","meta":{"_acf_changed":false},"product_cat":[52],"product_tag":[],"class_list":["post-16133","product","type-product","status-publish","has-post-thumbnail","hentry","product_cat-colegio-sao-jose-sao-leopoldo"],"acf":[],"_links":{"self":[{"href":"https:\/\/www.museuhistoricosl.com.br\/loja\/wp-json\/wp\/v2\/product\/16133","targetHints":{"allow":["GET"]}}],"collection":[{"href":"https:\/\/www.museuhistoricosl.com.br\/loja\/wp-json\/wp\/v2\/product"}],"about":[{"href":"https:\/\/www.museuhistoricosl.com.br\/loja\/wp-json\/wp\/v2\/types\/product"}],"replies":[{"embeddable":true,"href":"https:\/\/www.museuhistoricosl.com.br\/loja\/wp-json\/wp\/v2\/comments?post=16133"}],"wp:featuredmedia":[{"embeddable":true,"href":"https:\/\/www.museuhistoricosl.com.br\/loja\/wp-json\/wp\/v2\/media\/16132"}],"wp:attachment":[{"href":"https:\/\/www.museuhistoricosl.com.br\/loja\/wp-json\/wp\/v2\/media?parent=16133"}],"wp:term":[{"taxonomy":"product_cat","embeddable":true,"href":"https:\/\/www.museuhistoricosl.com.br\/loja\/wp-json\/wp\/v2\/product_cat?post=16133"},{"taxonomy":"product_tag","embeddable":true,"href":"https:\/\/www.museuhistoricosl.com.br\/loja\/wp-json\/wp\/v2\/product_tag?post=16133"}],"curies":[{"name":"wp","href":"https:\/\/api.w.org\/{rel}","templated":true}]}}