{"id":15981,"date":"2022-01-03T11:29:36","date_gmt":"2022-01-03T14:29:36","guid":{"rendered":"https:\/\/www.museuhistoricosl.com.br\/loja\/produto\/sl022-fd-0054\/"},"modified":"2022-01-03T11:29:36","modified_gmt":"2022-01-03T14:29:36","slug":"sl022-fd-0054","status":"publish","type":"product","link":"https:\/\/www.museuhistoricosl.com.br\/loja\/produto\/sl022-fd-0054\/","title":{"rendered":"SL022-FD-0054"},"content":{"rendered":"<p>Col\u00e9gio S\u00e3o Jos\u00e9, Feira de Ci\u00eancias, 09\/1983; Col\u00e9gio S\u00e3o Jos\u00e9 &#8211; S\u00e3o Leopoldo; <\/p>\n","protected":false},"excerpt":{"rendered":"<p>Col\u00e9gio S\u00e3o Jos\u00e9, Feira de Ci\u00eancias, 09\/1983; Col\u00e9gio S\u00e3o Jos\u00e9 &#8211; S\u00e3o Leopoldo;<\/p>\n","protected":false},"featured_media":15980,"comment_status":"open","ping_status":"closed","template":"","meta":{"_acf_changed":false},"product_cat":[52],"product_tag":[],"class_list":["post-15981","product","type-product","status-publish","has-post-thumbnail","hentry","product_cat-colegio-sao-jose-sao-leopoldo"],"acf":[],"_links":{"self":[{"href":"https:\/\/www.museuhistoricosl.com.br\/loja\/wp-json\/wp\/v2\/product\/15981","targetHints":{"allow":["GET"]}}],"collection":[{"href":"https:\/\/www.museuhistoricosl.com.br\/loja\/wp-json\/wp\/v2\/product"}],"about":[{"href":"https:\/\/www.museuhistoricosl.com.br\/loja\/wp-json\/wp\/v2\/types\/product"}],"replies":[{"embeddable":true,"href":"https:\/\/www.museuhistoricosl.com.br\/loja\/wp-json\/wp\/v2\/comments?post=15981"}],"wp:featuredmedia":[{"embeddable":true,"href":"https:\/\/www.museuhistoricosl.com.br\/loja\/wp-json\/wp\/v2\/media\/15980"}],"wp:attachment":[{"href":"https:\/\/www.museuhistoricosl.com.br\/loja\/wp-json\/wp\/v2\/media?parent=15981"}],"wp:term":[{"taxonomy":"product_cat","embeddable":true,"href":"https:\/\/www.museuhistoricosl.com.br\/loja\/wp-json\/wp\/v2\/product_cat?post=15981"},{"taxonomy":"product_tag","embeddable":true,"href":"https:\/\/www.museuhistoricosl.com.br\/loja\/wp-json\/wp\/v2\/product_tag?post=15981"}],"curies":[{"name":"wp","href":"https:\/\/api.w.org\/{rel}","templated":true}]}}