{"id":15967,"date":"2022-01-03T11:29:34","date_gmt":"2022-01-03T14:29:34","guid":{"rendered":"https:\/\/www.museuhistoricosl.com.br\/loja\/produto\/sl022-fd-0047\/"},"modified":"2022-01-03T11:29:34","modified_gmt":"2022-01-03T14:29:34","slug":"sl022-fd-0047","status":"publish","type":"product","link":"https:\/\/www.museuhistoricosl.com.br\/loja\/produto\/sl022-fd-0047\/","title":{"rendered":"SL022-FD-0047"},"content":{"rendered":"<p>Doador: Pelagio de Paula &#8211; C\u00f3digo anterior de cat\u00e1logo:FD &#8211; 22,47; Col\u00e9gio S\u00e3o Jos\u00e9 &#8211; S\u00e3o Leopoldo; <\/p>\n","protected":false},"excerpt":{"rendered":"<p>Doador: Pelagio de Paula &#8211; C\u00f3digo anterior de cat\u00e1logo:FD &#8211; 22,47; Col\u00e9gio S\u00e3o Jos\u00e9 &#8211; S\u00e3o Leopoldo;<\/p>\n","protected":false},"featured_media":15966,"comment_status":"open","ping_status":"closed","template":"","meta":{"_acf_changed":false},"product_cat":[52],"product_tag":[],"class_list":["post-15967","product","type-product","status-publish","has-post-thumbnail","hentry","product_cat-colegio-sao-jose-sao-leopoldo"],"acf":[],"_links":{"self":[{"href":"https:\/\/www.museuhistoricosl.com.br\/loja\/wp-json\/wp\/v2\/product\/15967","targetHints":{"allow":["GET"]}}],"collection":[{"href":"https:\/\/www.museuhistoricosl.com.br\/loja\/wp-json\/wp\/v2\/product"}],"about":[{"href":"https:\/\/www.museuhistoricosl.com.br\/loja\/wp-json\/wp\/v2\/types\/product"}],"replies":[{"embeddable":true,"href":"https:\/\/www.museuhistoricosl.com.br\/loja\/wp-json\/wp\/v2\/comments?post=15967"}],"wp:featuredmedia":[{"embeddable":true,"href":"https:\/\/www.museuhistoricosl.com.br\/loja\/wp-json\/wp\/v2\/media\/15966"}],"wp:attachment":[{"href":"https:\/\/www.museuhistoricosl.com.br\/loja\/wp-json\/wp\/v2\/media?parent=15967"}],"wp:term":[{"taxonomy":"product_cat","embeddable":true,"href":"https:\/\/www.museuhistoricosl.com.br\/loja\/wp-json\/wp\/v2\/product_cat?post=15967"},{"taxonomy":"product_tag","embeddable":true,"href":"https:\/\/www.museuhistoricosl.com.br\/loja\/wp-json\/wp\/v2\/product_tag?post=15967"}],"curies":[{"name":"wp","href":"https:\/\/api.w.org\/{rel}","templated":true}]}}