{"id":15899,"date":"2022-01-03T11:29:20","date_gmt":"2022-01-03T14:29:20","guid":{"rendered":"https:\/\/www.museuhistoricosl.com.br\/loja\/produto\/sl022-fd-0013\/"},"modified":"2022-01-03T11:29:20","modified_gmt":"2022-01-03T14:29:20","slug":"sl022-fd-0013","status":"publish","type":"product","link":"https:\/\/www.museuhistoricosl.com.br\/loja\/produto\/sl022-fd-0013\/","title":{"rendered":"SL022-FD-0013"},"content":{"rendered":"<p>II Concurso de Declama\u00e7\u00e3o de Poesias &#8211; Col\u00e9gio S\u00e3o Jos\u00e9 &#8211; C\u00f3digo anterior de cat\u00e1logo:FD &#8211; 22,13; Col\u00e9gio S\u00e3o Jos\u00e9 &#8211; S\u00e3o Leopoldo; <\/p>\n","protected":false},"excerpt":{"rendered":"<p>II Concurso de Declama\u00e7\u00e3o de Poesias &#8211; Col\u00e9gio S\u00e3o Jos\u00e9 &#8211; C\u00f3digo anterior de cat\u00e1logo:FD &#8211; 22,13; Col\u00e9gio S\u00e3o Jos\u00e9<\/p>\n","protected":false},"featured_media":15898,"comment_status":"open","ping_status":"closed","template":"","meta":{"_acf_changed":false},"product_cat":[52],"product_tag":[],"class_list":["post-15899","product","type-product","status-publish","has-post-thumbnail","hentry","product_cat-colegio-sao-jose-sao-leopoldo"],"acf":[],"_links":{"self":[{"href":"https:\/\/www.museuhistoricosl.com.br\/loja\/wp-json\/wp\/v2\/product\/15899","targetHints":{"allow":["GET"]}}],"collection":[{"href":"https:\/\/www.museuhistoricosl.com.br\/loja\/wp-json\/wp\/v2\/product"}],"about":[{"href":"https:\/\/www.museuhistoricosl.com.br\/loja\/wp-json\/wp\/v2\/types\/product"}],"replies":[{"embeddable":true,"href":"https:\/\/www.museuhistoricosl.com.br\/loja\/wp-json\/wp\/v2\/comments?post=15899"}],"wp:featuredmedia":[{"embeddable":true,"href":"https:\/\/www.museuhistoricosl.com.br\/loja\/wp-json\/wp\/v2\/media\/15898"}],"wp:attachment":[{"href":"https:\/\/www.museuhistoricosl.com.br\/loja\/wp-json\/wp\/v2\/media?parent=15899"}],"wp:term":[{"taxonomy":"product_cat","embeddable":true,"href":"https:\/\/www.museuhistoricosl.com.br\/loja\/wp-json\/wp\/v2\/product_cat?post=15899"},{"taxonomy":"product_tag","embeddable":true,"href":"https:\/\/www.museuhistoricosl.com.br\/loja\/wp-json\/wp\/v2\/product_tag?post=15899"}],"curies":[{"name":"wp","href":"https:\/\/api.w.org\/{rel}","templated":true}]}}