{"id":15883,"date":"2022-01-03T11:29:17","date_gmt":"2022-01-03T14:29:17","guid":{"rendered":"https:\/\/www.museuhistoricosl.com.br\/loja\/produto\/sl022-fd-0005\/"},"modified":"2022-01-03T11:29:17","modified_gmt":"2022-01-03T14:29:17","slug":"sl022-fd-0005","status":"publish","type":"product","link":"https:\/\/www.museuhistoricosl.com.br\/loja\/produto\/sl022-fd-0005\/","title":{"rendered":"SL022-FD-0005"},"content":{"rendered":"<p>Foto sem descri\u00e7\u00e3o. &#8211; C\u00f3digo anterior de cat\u00e1logo:FD &#8211; 22,05; Col\u00e9gio S\u00e3o Jos\u00e9 &#8211; S\u00e3o Leopoldo; <\/p>\n","protected":false},"excerpt":{"rendered":"<p>Foto sem descri\u00e7\u00e3o. &#8211; C\u00f3digo anterior de cat\u00e1logo:FD &#8211; 22,05; Col\u00e9gio S\u00e3o Jos\u00e9 &#8211; S\u00e3o Leopoldo;<\/p>\n","protected":false},"featured_media":15882,"comment_status":"open","ping_status":"closed","template":"","meta":{"_acf_changed":false},"product_cat":[52],"product_tag":[],"class_list":["post-15883","product","type-product","status-publish","has-post-thumbnail","hentry","product_cat-colegio-sao-jose-sao-leopoldo"],"acf":[],"_links":{"self":[{"href":"https:\/\/www.museuhistoricosl.com.br\/loja\/wp-json\/wp\/v2\/product\/15883","targetHints":{"allow":["GET"]}}],"collection":[{"href":"https:\/\/www.museuhistoricosl.com.br\/loja\/wp-json\/wp\/v2\/product"}],"about":[{"href":"https:\/\/www.museuhistoricosl.com.br\/loja\/wp-json\/wp\/v2\/types\/product"}],"replies":[{"embeddable":true,"href":"https:\/\/www.museuhistoricosl.com.br\/loja\/wp-json\/wp\/v2\/comments?post=15883"}],"wp:featuredmedia":[{"embeddable":true,"href":"https:\/\/www.museuhistoricosl.com.br\/loja\/wp-json\/wp\/v2\/media\/15882"}],"wp:attachment":[{"href":"https:\/\/www.museuhistoricosl.com.br\/loja\/wp-json\/wp\/v2\/media?parent=15883"}],"wp:term":[{"taxonomy":"product_cat","embeddable":true,"href":"https:\/\/www.museuhistoricosl.com.br\/loja\/wp-json\/wp\/v2\/product_cat?post=15883"},{"taxonomy":"product_tag","embeddable":true,"href":"https:\/\/www.museuhistoricosl.com.br\/loja\/wp-json\/wp\/v2\/product_tag?post=15883"}],"curies":[{"name":"wp","href":"https:\/\/api.w.org\/{rel}","templated":true}]}}