{"id":15568,"date":"2021-12-30T15:53:49","date_gmt":"2021-12-30T18:53:49","guid":{"rendered":"https:\/\/www.museuhistoricosl.com.br\/loja\/produto\/sl119-fd-0021\/"},"modified":"2021-12-30T15:53:49","modified_gmt":"2021-12-30T18:53:49","slug":"sl119-fd-0021","status":"publish","type":"product","link":"https:\/\/www.museuhistoricosl.com.br\/loja\/produto\/sl119-fd-0021\/","title":{"rendered":"SL119-FD-0021"},"content":{"rendered":"<p>Sem identifica\u00e7\u00e3o- Constru\u00e7\u00e3o Clube N\u00e1utico Iguac\u00fa &#8211; C\u00f3digo anterior de cat\u00e1logo:FD 119-21; Clube N\u00e1utico Iguassu &#8211; S\u00e3o Leopoldo; <\/p>\n","protected":false},"excerpt":{"rendered":"<p>Sem identifica\u00e7\u00e3o- Constru\u00e7\u00e3o Clube N\u00e1utico Iguac\u00fa &#8211; C\u00f3digo anterior de cat\u00e1logo:FD 119-21; Clube N\u00e1utico Iguassu &#8211; S\u00e3o Leopoldo;<\/p>\n","protected":false},"featured_media":15567,"comment_status":"open","ping_status":"closed","template":"","meta":{"_acf_changed":false},"product_cat":[51],"product_tag":[],"class_list":["post-15568","product","type-product","status-publish","has-post-thumbnail","hentry","product_cat-clube-nautico-iguassu-sao-leopoldo"],"acf":[],"_links":{"self":[{"href":"https:\/\/www.museuhistoricosl.com.br\/loja\/wp-json\/wp\/v2\/product\/15568","targetHints":{"allow":["GET"]}}],"collection":[{"href":"https:\/\/www.museuhistoricosl.com.br\/loja\/wp-json\/wp\/v2\/product"}],"about":[{"href":"https:\/\/www.museuhistoricosl.com.br\/loja\/wp-json\/wp\/v2\/types\/product"}],"replies":[{"embeddable":true,"href":"https:\/\/www.museuhistoricosl.com.br\/loja\/wp-json\/wp\/v2\/comments?post=15568"}],"wp:featuredmedia":[{"embeddable":true,"href":"https:\/\/www.museuhistoricosl.com.br\/loja\/wp-json\/wp\/v2\/media\/15567"}],"wp:attachment":[{"href":"https:\/\/www.museuhistoricosl.com.br\/loja\/wp-json\/wp\/v2\/media?parent=15568"}],"wp:term":[{"taxonomy":"product_cat","embeddable":true,"href":"https:\/\/www.museuhistoricosl.com.br\/loja\/wp-json\/wp\/v2\/product_cat?post=15568"},{"taxonomy":"product_tag","embeddable":true,"href":"https:\/\/www.museuhistoricosl.com.br\/loja\/wp-json\/wp\/v2\/product_tag?post=15568"}],"curies":[{"name":"wp","href":"https:\/\/api.w.org\/{rel}","templated":true}]}}