{"id":15221,"date":"2021-12-30T15:43:03","date_gmt":"2021-12-30T18:43:03","guid":{"rendered":"https:\/\/www.museuhistoricosl.com.br\/loja\/produto\/sl021-fd-0159\/"},"modified":"2021-12-30T15:43:03","modified_gmt":"2021-12-30T18:43:03","slug":"sl021-fd-0159","status":"publish","type":"product","link":"https:\/\/www.museuhistoricosl.com.br\/loja\/produto\/sl021-fd-0159\/","title":{"rendered":"SL021-FD-0159"},"content":{"rendered":"<p>Sindicato dos Oleiros do Estado do RGS, reuni\u00e3o almo\u00e7o, Leopoldo Petry, Edson de Moares Garcez, Renato Schneider, Eron dos Santos, Miguel Corr\u00eaa, 09\/04\/1979; Centros Sociais; <\/p>\n","protected":false},"excerpt":{"rendered":"<p>Sindicato dos Oleiros do Estado do RGS, reuni\u00e3o almo\u00e7o, Leopoldo Petry, Edson de Moares Garcez, Renato Schneider, Eron dos Santos,<\/p>\n","protected":false},"featured_media":15220,"comment_status":"open","ping_status":"closed","template":"","meta":{"_acf_changed":false},"product_cat":[50],"product_tag":[],"class_list":["post-15221","product","type-product","status-publish","has-post-thumbnail","hentry","product_cat-centros-sociais"],"acf":[],"_links":{"self":[{"href":"https:\/\/www.museuhistoricosl.com.br\/loja\/wp-json\/wp\/v2\/product\/15221","targetHints":{"allow":["GET"]}}],"collection":[{"href":"https:\/\/www.museuhistoricosl.com.br\/loja\/wp-json\/wp\/v2\/product"}],"about":[{"href":"https:\/\/www.museuhistoricosl.com.br\/loja\/wp-json\/wp\/v2\/types\/product"}],"replies":[{"embeddable":true,"href":"https:\/\/www.museuhistoricosl.com.br\/loja\/wp-json\/wp\/v2\/comments?post=15221"}],"wp:featuredmedia":[{"embeddable":true,"href":"https:\/\/www.museuhistoricosl.com.br\/loja\/wp-json\/wp\/v2\/media\/15220"}],"wp:attachment":[{"href":"https:\/\/www.museuhistoricosl.com.br\/loja\/wp-json\/wp\/v2\/media?parent=15221"}],"wp:term":[{"taxonomy":"product_cat","embeddable":true,"href":"https:\/\/www.museuhistoricosl.com.br\/loja\/wp-json\/wp\/v2\/product_cat?post=15221"},{"taxonomy":"product_tag","embeddable":true,"href":"https:\/\/www.museuhistoricosl.com.br\/loja\/wp-json\/wp\/v2\/product_tag?post=15221"}],"curies":[{"name":"wp","href":"https:\/\/api.w.org\/{rel}","templated":true}]}}