{"id":15151,"date":"2021-12-30T15:42:43","date_gmt":"2021-12-30T18:42:43","guid":{"rendered":"https:\/\/www.museuhistoricosl.com.br\/loja\/produto\/sl021-fd-0124\/"},"modified":"2021-12-30T15:42:43","modified_gmt":"2021-12-30T18:42:43","slug":"sl021-fd-0124","status":"publish","type":"product","link":"https:\/\/www.museuhistoricosl.com.br\/loja\/produto\/sl021-fd-0124\/","title":{"rendered":"SL021-FD-0124"},"content":{"rendered":"<p>Vanildo Fratti, Angelo Magro, Leoni Flores, Andr\u00e9 Medon\u00e7a da Silva, Edson Adair da Silva, Edson Adair da Silva,Andr\u00e9 de Alexandri, Luiz Roberto Bianchi, Alexandre Gusm\u00e3o, (visita em fun\u00e7\u00e3o do dia da imprensa), 10\/09\/1985; Centros Sociais; <\/p>\n","protected":false},"excerpt":{"rendered":"<p>Vanildo Fratti, Angelo Magro, Leoni Flores, Andr\u00e9 Medon\u00e7a da Silva, Edson Adair da Silva, Edson Adair da Silva,Andr\u00e9 de Alexandri,<\/p>\n","protected":false},"featured_media":15150,"comment_status":"open","ping_status":"closed","template":"","meta":{"_acf_changed":false},"product_cat":[50],"product_tag":[],"class_list":["post-15151","product","type-product","status-publish","has-post-thumbnail","hentry","product_cat-centros-sociais"],"acf":[],"_links":{"self":[{"href":"https:\/\/www.museuhistoricosl.com.br\/loja\/wp-json\/wp\/v2\/product\/15151","targetHints":{"allow":["GET"]}}],"collection":[{"href":"https:\/\/www.museuhistoricosl.com.br\/loja\/wp-json\/wp\/v2\/product"}],"about":[{"href":"https:\/\/www.museuhistoricosl.com.br\/loja\/wp-json\/wp\/v2\/types\/product"}],"replies":[{"embeddable":true,"href":"https:\/\/www.museuhistoricosl.com.br\/loja\/wp-json\/wp\/v2\/comments?post=15151"}],"wp:featuredmedia":[{"embeddable":true,"href":"https:\/\/www.museuhistoricosl.com.br\/loja\/wp-json\/wp\/v2\/media\/15150"}],"wp:attachment":[{"href":"https:\/\/www.museuhistoricosl.com.br\/loja\/wp-json\/wp\/v2\/media?parent=15151"}],"wp:term":[{"taxonomy":"product_cat","embeddable":true,"href":"https:\/\/www.museuhistoricosl.com.br\/loja\/wp-json\/wp\/v2\/product_cat?post=15151"},{"taxonomy":"product_tag","embeddable":true,"href":"https:\/\/www.museuhistoricosl.com.br\/loja\/wp-json\/wp\/v2\/product_tag?post=15151"}],"curies":[{"name":"wp","href":"https:\/\/api.w.org\/{rel}","templated":true}]}}