{"id":14981,"date":"2021-12-30T15:41:54","date_gmt":"2021-12-30T18:41:54","guid":{"rendered":"https:\/\/www.museuhistoricosl.com.br\/loja\/produto\/sl021-fd-0039\/"},"modified":"2021-12-30T15:41:54","modified_gmt":"2021-12-30T18:41:54","slug":"sl021-fd-0039","status":"publish","type":"product","link":"https:\/\/www.museuhistoricosl.com.br\/loja\/produto\/sl021-fd-0039\/","title":{"rendered":"SL021-FD-0039"},"content":{"rendered":"<p>Reuni\u00e3o do programa de Inaugura\u00e7\u00e3o do Centro Social do Sesi &#8220;Amadeo Rossi&#8221;; Centros Sociais; <\/p>\n","protected":false},"excerpt":{"rendered":"<p>Reuni\u00e3o do programa de Inaugura\u00e7\u00e3o do Centro Social do Sesi &#8220;Amadeo Rossi&#8221;; Centros Sociais;<\/p>\n","protected":false},"featured_media":14980,"comment_status":"open","ping_status":"closed","template":"","meta":{"_acf_changed":false},"product_cat":[50],"product_tag":[],"class_list":["post-14981","product","type-product","status-publish","has-post-thumbnail","hentry","product_cat-centros-sociais"],"acf":[],"_links":{"self":[{"href":"https:\/\/www.museuhistoricosl.com.br\/loja\/wp-json\/wp\/v2\/product\/14981","targetHints":{"allow":["GET"]}}],"collection":[{"href":"https:\/\/www.museuhistoricosl.com.br\/loja\/wp-json\/wp\/v2\/product"}],"about":[{"href":"https:\/\/www.museuhistoricosl.com.br\/loja\/wp-json\/wp\/v2\/types\/product"}],"replies":[{"embeddable":true,"href":"https:\/\/www.museuhistoricosl.com.br\/loja\/wp-json\/wp\/v2\/comments?post=14981"}],"wp:featuredmedia":[{"embeddable":true,"href":"https:\/\/www.museuhistoricosl.com.br\/loja\/wp-json\/wp\/v2\/media\/14980"}],"wp:attachment":[{"href":"https:\/\/www.museuhistoricosl.com.br\/loja\/wp-json\/wp\/v2\/media?parent=14981"}],"wp:term":[{"taxonomy":"product_cat","embeddable":true,"href":"https:\/\/www.museuhistoricosl.com.br\/loja\/wp-json\/wp\/v2\/product_cat?post=14981"},{"taxonomy":"product_tag","embeddable":true,"href":"https:\/\/www.museuhistoricosl.com.br\/loja\/wp-json\/wp\/v2\/product_tag?post=14981"}],"curies":[{"name":"wp","href":"https:\/\/api.w.org\/{rel}","templated":true}]}}