{"id":14953,"date":"2021-12-30T15:41:45","date_gmt":"2021-12-30T18:41:45","guid":{"rendered":"https:\/\/www.museuhistoricosl.com.br\/loja\/produto\/sl021-fd-0025\/"},"modified":"2021-12-30T15:41:45","modified_gmt":"2021-12-30T18:41:45","slug":"sl021-fd-0025","status":"publish","type":"product","link":"https:\/\/www.museuhistoricosl.com.br\/loja\/produto\/sl021-fd-0025\/","title":{"rendered":"SL021-FD-0025"},"content":{"rendered":"<p>Servi\u00e7o Social da Ind\u00fastria &#8211; Sesi SL, comiss\u00e3o que escolheu o Oper\u00e1rio Padr\u00e3o 1985; Centros Sociais; <\/p>\n","protected":false},"excerpt":{"rendered":"<p>Servi\u00e7o Social da Ind\u00fastria &#8211; Sesi SL, comiss\u00e3o que escolheu o Oper\u00e1rio Padr\u00e3o 1985; Centros Sociais;<\/p>\n","protected":false},"featured_media":14952,"comment_status":"open","ping_status":"closed","template":"","meta":{"_acf_changed":false},"product_cat":[50],"product_tag":[],"class_list":["post-14953","product","type-product","status-publish","has-post-thumbnail","hentry","product_cat-centros-sociais"],"acf":[],"_links":{"self":[{"href":"https:\/\/www.museuhistoricosl.com.br\/loja\/wp-json\/wp\/v2\/product\/14953","targetHints":{"allow":["GET"]}}],"collection":[{"href":"https:\/\/www.museuhistoricosl.com.br\/loja\/wp-json\/wp\/v2\/product"}],"about":[{"href":"https:\/\/www.museuhistoricosl.com.br\/loja\/wp-json\/wp\/v2\/types\/product"}],"replies":[{"embeddable":true,"href":"https:\/\/www.museuhistoricosl.com.br\/loja\/wp-json\/wp\/v2\/comments?post=14953"}],"wp:featuredmedia":[{"embeddable":true,"href":"https:\/\/www.museuhistoricosl.com.br\/loja\/wp-json\/wp\/v2\/media\/14952"}],"wp:attachment":[{"href":"https:\/\/www.museuhistoricosl.com.br\/loja\/wp-json\/wp\/v2\/media?parent=14953"}],"wp:term":[{"taxonomy":"product_cat","embeddable":true,"href":"https:\/\/www.museuhistoricosl.com.br\/loja\/wp-json\/wp\/v2\/product_cat?post=14953"},{"taxonomy":"product_tag","embeddable":true,"href":"https:\/\/www.museuhistoricosl.com.br\/loja\/wp-json\/wp\/v2\/product_tag?post=14953"}],"curies":[{"name":"wp","href":"https:\/\/api.w.org\/{rel}","templated":true}]}}