{"id":14931,"date":"2021-12-30T15:41:39","date_gmt":"2021-12-30T18:41:39","guid":{"rendered":"https:\/\/www.museuhistoricosl.com.br\/loja\/produto\/sl021-fd-0014\/"},"modified":"2021-12-30T15:41:39","modified_gmt":"2021-12-30T18:41:39","slug":"sl021-fd-0014","status":"publish","type":"product","link":"https:\/\/www.museuhistoricosl.com.br\/loja\/produto\/sl021-fd-0014\/","title":{"rendered":"SL021-FD-0014"},"content":{"rendered":"<p>Sociedade Leopoldense de Orquid\u00f3filos, 32 anos na Sociedade, 12\/1984, Inaugura\u00e7\u00e3o da exposi\u00e7\u00e3o de orqu\u00eddeas; Centros Sociais; <\/p>\n","protected":false},"excerpt":{"rendered":"<p>Sociedade Leopoldense de Orquid\u00f3filos, 32 anos na Sociedade, 12\/1984, Inaugura\u00e7\u00e3o da exposi\u00e7\u00e3o de orqu\u00eddeas; Centros Sociais;<\/p>\n","protected":false},"featured_media":14930,"comment_status":"open","ping_status":"closed","template":"","meta":{"_acf_changed":false},"product_cat":[50],"product_tag":[],"class_list":["post-14931","product","type-product","status-publish","has-post-thumbnail","hentry","product_cat-centros-sociais"],"acf":[],"_links":{"self":[{"href":"https:\/\/www.museuhistoricosl.com.br\/loja\/wp-json\/wp\/v2\/product\/14931","targetHints":{"allow":["GET"]}}],"collection":[{"href":"https:\/\/www.museuhistoricosl.com.br\/loja\/wp-json\/wp\/v2\/product"}],"about":[{"href":"https:\/\/www.museuhistoricosl.com.br\/loja\/wp-json\/wp\/v2\/types\/product"}],"replies":[{"embeddable":true,"href":"https:\/\/www.museuhistoricosl.com.br\/loja\/wp-json\/wp\/v2\/comments?post=14931"}],"wp:featuredmedia":[{"embeddable":true,"href":"https:\/\/www.museuhistoricosl.com.br\/loja\/wp-json\/wp\/v2\/media\/14930"}],"wp:attachment":[{"href":"https:\/\/www.museuhistoricosl.com.br\/loja\/wp-json\/wp\/v2\/media?parent=14931"}],"wp:term":[{"taxonomy":"product_cat","embeddable":true,"href":"https:\/\/www.museuhistoricosl.com.br\/loja\/wp-json\/wp\/v2\/product_cat?post=14931"},{"taxonomy":"product_tag","embeddable":true,"href":"https:\/\/www.museuhistoricosl.com.br\/loja\/wp-json\/wp\/v2\/product_tag?post=14931"}],"curies":[{"name":"wp","href":"https:\/\/api.w.org\/{rel}","templated":true}]}}