{"id":14909,"date":"2021-12-30T15:41:33","date_gmt":"2021-12-30T18:41:33","guid":{"rendered":"https:\/\/www.museuhistoricosl.com.br\/loja\/produto\/sl021-fd-0003\/"},"modified":"2021-12-30T15:41:33","modified_gmt":"2021-12-30T18:41:33","slug":"sl021-fd-0003","status":"publish","type":"product","link":"https:\/\/www.museuhistoricosl.com.br\/loja\/produto\/sl021-fd-0003\/","title":{"rendered":"SL021-FD-0003"},"content":{"rendered":"<p>Sindicato dos Trabalhadores em Transporte Rodovi\u00e1rio, ele\u00e7\u00e3o para diretoria, 30\/05\/1984; Centros Sociais; <\/p>\n","protected":false},"excerpt":{"rendered":"<p>Sindicato dos Trabalhadores em Transporte Rodovi\u00e1rio, ele\u00e7\u00e3o para diretoria, 30\/05\/1984; Centros Sociais;<\/p>\n","protected":false},"featured_media":14908,"comment_status":"open","ping_status":"closed","template":"","meta":{"_acf_changed":false},"product_cat":[50],"product_tag":[],"class_list":["post-14909","product","type-product","status-publish","has-post-thumbnail","hentry","product_cat-centros-sociais"],"acf":[],"_links":{"self":[{"href":"https:\/\/www.museuhistoricosl.com.br\/loja\/wp-json\/wp\/v2\/product\/14909","targetHints":{"allow":["GET"]}}],"collection":[{"href":"https:\/\/www.museuhistoricosl.com.br\/loja\/wp-json\/wp\/v2\/product"}],"about":[{"href":"https:\/\/www.museuhistoricosl.com.br\/loja\/wp-json\/wp\/v2\/types\/product"}],"replies":[{"embeddable":true,"href":"https:\/\/www.museuhistoricosl.com.br\/loja\/wp-json\/wp\/v2\/comments?post=14909"}],"wp:featuredmedia":[{"embeddable":true,"href":"https:\/\/www.museuhistoricosl.com.br\/loja\/wp-json\/wp\/v2\/media\/14908"}],"wp:attachment":[{"href":"https:\/\/www.museuhistoricosl.com.br\/loja\/wp-json\/wp\/v2\/media?parent=14909"}],"wp:term":[{"taxonomy":"product_cat","embeddable":true,"href":"https:\/\/www.museuhistoricosl.com.br\/loja\/wp-json\/wp\/v2\/product_cat?post=14909"},{"taxonomy":"product_tag","embeddable":true,"href":"https:\/\/www.museuhistoricosl.com.br\/loja\/wp-json\/wp\/v2\/product_tag?post=14909"}],"curies":[{"name":"wp","href":"https:\/\/api.w.org\/{rel}","templated":true}]}}