{"id":14862,"date":"2021-12-29T15:00:33","date_gmt":"2021-12-29T18:00:33","guid":{"rendered":"https:\/\/www.museuhistoricosl.com.br\/loja\/produto\/sl020-fd-0039\/"},"modified":"2021-12-29T15:00:33","modified_gmt":"2021-12-29T18:00:33","slug":"sl020-fd-0039","status":"publish","type":"product","link":"https:\/\/www.museuhistoricosl.com.br\/loja\/produto\/sl020-fd-0039\/","title":{"rendered":"SL020-FD-0039"},"content":{"rendered":"<p>A Exma. Sr\u00aa D\u00aa Carlinda &#8211; Borges de Medeiros (x) &#8211; Visitando a exposi\u00e7\u00e3o (texto em alem\u00e3o n\u00e3o identificado) &#8211; C\u00f3digo anterior de cat\u00e1logo:FD 20,39; Centen\u00e1rio 1924; <\/p>\n","protected":false},"excerpt":{"rendered":"<p>A Exma. Sr\u00aa D\u00aa Carlinda &#8211; Borges de Medeiros (x) &#8211; Visitando a exposi\u00e7\u00e3o (texto em alem\u00e3o n\u00e3o identificado) &#8211;<\/p>\n","protected":false},"featured_media":14861,"comment_status":"open","ping_status":"closed","template":"","meta":{"_acf_changed":false},"product_cat":[49],"product_tag":[],"class_list":["post-14862","product","type-product","status-publish","has-post-thumbnail","hentry","product_cat-centenario-1924"],"acf":[],"_links":{"self":[{"href":"https:\/\/www.museuhistoricosl.com.br\/loja\/wp-json\/wp\/v2\/product\/14862","targetHints":{"allow":["GET"]}}],"collection":[{"href":"https:\/\/www.museuhistoricosl.com.br\/loja\/wp-json\/wp\/v2\/product"}],"about":[{"href":"https:\/\/www.museuhistoricosl.com.br\/loja\/wp-json\/wp\/v2\/types\/product"}],"replies":[{"embeddable":true,"href":"https:\/\/www.museuhistoricosl.com.br\/loja\/wp-json\/wp\/v2\/comments?post=14862"}],"wp:featuredmedia":[{"embeddable":true,"href":"https:\/\/www.museuhistoricosl.com.br\/loja\/wp-json\/wp\/v2\/media\/14861"}],"wp:attachment":[{"href":"https:\/\/www.museuhistoricosl.com.br\/loja\/wp-json\/wp\/v2\/media?parent=14862"}],"wp:term":[{"taxonomy":"product_cat","embeddable":true,"href":"https:\/\/www.museuhistoricosl.com.br\/loja\/wp-json\/wp\/v2\/product_cat?post=14862"},{"taxonomy":"product_tag","embeddable":true,"href":"https:\/\/www.museuhistoricosl.com.br\/loja\/wp-json\/wp\/v2\/product_tag?post=14862"}],"curies":[{"name":"wp","href":"https:\/\/api.w.org\/{rel}","templated":true}]}}