{"id":14818,"date":"2021-12-29T15:00:11","date_gmt":"2021-12-29T18:00:11","guid":{"rendered":"https:\/\/www.museuhistoricosl.com.br\/loja\/produto\/sl020-fd-0017\/"},"modified":"2021-12-29T15:00:11","modified_gmt":"2021-12-29T18:00:11","slug":"sl020-fd-0017","status":"publish","type":"product","link":"https:\/\/www.museuhistoricosl.com.br\/loja\/produto\/sl020-fd-0017\/","title":{"rendered":"SL020-FD-0017"},"content":{"rendered":"<p>Asilo de Velhice. N\u00e3o tem rela\u00e7\u00e3o maior com as festividades do Centen\u00e1rio, em 1924.  &#8211; C\u00f3digo anterior de cat\u00e1logo:FD 20,17; Centen\u00e1rio 1924; <\/p>\n","protected":false},"excerpt":{"rendered":"<p>Asilo de Velhice. N\u00e3o tem rela\u00e7\u00e3o maior com as festividades do Centen\u00e1rio, em 1924. &#8211; C\u00f3digo anterior de cat\u00e1logo:FD 20,17;<\/p>\n","protected":false},"featured_media":14817,"comment_status":"open","ping_status":"closed","template":"","meta":{"_acf_changed":false},"product_cat":[49],"product_tag":[],"class_list":["post-14818","product","type-product","status-publish","has-post-thumbnail","hentry","product_cat-centenario-1924"],"acf":[],"_links":{"self":[{"href":"https:\/\/www.museuhistoricosl.com.br\/loja\/wp-json\/wp\/v2\/product\/14818","targetHints":{"allow":["GET"]}}],"collection":[{"href":"https:\/\/www.museuhistoricosl.com.br\/loja\/wp-json\/wp\/v2\/product"}],"about":[{"href":"https:\/\/www.museuhistoricosl.com.br\/loja\/wp-json\/wp\/v2\/types\/product"}],"replies":[{"embeddable":true,"href":"https:\/\/www.museuhistoricosl.com.br\/loja\/wp-json\/wp\/v2\/comments?post=14818"}],"wp:featuredmedia":[{"embeddable":true,"href":"https:\/\/www.museuhistoricosl.com.br\/loja\/wp-json\/wp\/v2\/media\/14817"}],"wp:attachment":[{"href":"https:\/\/www.museuhistoricosl.com.br\/loja\/wp-json\/wp\/v2\/media?parent=14818"}],"wp:term":[{"taxonomy":"product_cat","embeddable":true,"href":"https:\/\/www.museuhistoricosl.com.br\/loja\/wp-json\/wp\/v2\/product_cat?post=14818"},{"taxonomy":"product_tag","embeddable":true,"href":"https:\/\/www.museuhistoricosl.com.br\/loja\/wp-json\/wp\/v2\/product_tag?post=14818"}],"curies":[{"name":"wp","href":"https:\/\/api.w.org\/{rel}","templated":true}]}}