{"id":14812,"date":"2021-12-29T15:00:09","date_gmt":"2021-12-29T18:00:09","guid":{"rendered":"https:\/\/www.museuhistoricosl.com.br\/loja\/produto\/sl020-fd-0014\/"},"modified":"2021-12-29T15:00:09","modified_gmt":"2021-12-29T18:00:09","slug":"sl020-fd-0014","status":"publish","type":"product","link":"https:\/\/www.museuhistoricosl.com.br\/loja\/produto\/sl020-fd-0014\/","title":{"rendered":"SL020-FD-0014"},"content":{"rendered":"<p>Monumento ao Centen\u00e1rio da Imigra\u00e7\u00e3o \u2013 julho de 1931. &#8211; C\u00f3digo anterior de cat\u00e1logo:FD 20,14; Centen\u00e1rio 1924; <\/p>\n","protected":false},"excerpt":{"rendered":"<p>Monumento ao Centen\u00e1rio da Imigra\u00e7\u00e3o \u2013 julho de 1931. &#8211; C\u00f3digo anterior de cat\u00e1logo:FD 20,14; Centen\u00e1rio 1924;<\/p>\n","protected":false},"featured_media":14811,"comment_status":"open","ping_status":"closed","template":"","meta":{"_acf_changed":false},"product_cat":[49],"product_tag":[],"class_list":["post-14812","product","type-product","status-publish","has-post-thumbnail","hentry","product_cat-centenario-1924"],"acf":[],"_links":{"self":[{"href":"https:\/\/www.museuhistoricosl.com.br\/loja\/wp-json\/wp\/v2\/product\/14812","targetHints":{"allow":["GET"]}}],"collection":[{"href":"https:\/\/www.museuhistoricosl.com.br\/loja\/wp-json\/wp\/v2\/product"}],"about":[{"href":"https:\/\/www.museuhistoricosl.com.br\/loja\/wp-json\/wp\/v2\/types\/product"}],"replies":[{"embeddable":true,"href":"https:\/\/www.museuhistoricosl.com.br\/loja\/wp-json\/wp\/v2\/comments?post=14812"}],"wp:featuredmedia":[{"embeddable":true,"href":"https:\/\/www.museuhistoricosl.com.br\/loja\/wp-json\/wp\/v2\/media\/14811"}],"wp:attachment":[{"href":"https:\/\/www.museuhistoricosl.com.br\/loja\/wp-json\/wp\/v2\/media?parent=14812"}],"wp:term":[{"taxonomy":"product_cat","embeddable":true,"href":"https:\/\/www.museuhistoricosl.com.br\/loja\/wp-json\/wp\/v2\/product_cat?post=14812"},{"taxonomy":"product_tag","embeddable":true,"href":"https:\/\/www.museuhistoricosl.com.br\/loja\/wp-json\/wp\/v2\/product_tag?post=14812"}],"curies":[{"name":"wp","href":"https:\/\/api.w.org\/{rel}","templated":true}]}}