{"id":14796,"date":"2021-12-29T15:00:02","date_gmt":"2021-12-29T18:00:02","guid":{"rendered":"https:\/\/www.museuhistoricosl.com.br\/loja\/produto\/sl020-fd-0006\/"},"modified":"2021-12-29T15:00:02","modified_gmt":"2021-12-29T18:00:02","slug":"sl020-fd-0006","status":"publish","type":"product","link":"https:\/\/www.museuhistoricosl.com.br\/loja\/produto\/sl020-fd-0006\/","title":{"rendered":"SL020-FD-0006"},"content":{"rendered":"<p>Cart\u00e3o com imagem da Casa da Feitoria (Casa do Imigrante), reconstru\u00edda com t\u00e9cnica enxaimel e 1941, durante o governo do prefeito Theodoro Porto da Fonseca. Ap\u00f3s a reinaugura\u00e7\u00e3o, foi instalada nesse pr\u00e9dio a escola Jo\u00e3o Daniel Hillebrand. N\u00e3o tem rela\u00e7\u00e3o maior com as festividades do Centen\u00e1rio, em 1924. &#8211; C\u00f3digo anterior de cat\u00e1logo:FD 20,6; Centen\u00e1rio 1924; <\/p>\n","protected":false},"excerpt":{"rendered":"<p>Cart\u00e3o com imagem da Casa da Feitoria (Casa do Imigrante), reconstru\u00edda com t\u00e9cnica enxaimel e 1941, durante o governo do<\/p>\n","protected":false},"featured_media":14795,"comment_status":"open","ping_status":"closed","template":"","meta":{"_acf_changed":false},"product_cat":[49],"product_tag":[],"class_list":["post-14796","product","type-product","status-publish","has-post-thumbnail","hentry","product_cat-centenario-1924"],"acf":[],"_links":{"self":[{"href":"https:\/\/www.museuhistoricosl.com.br\/loja\/wp-json\/wp\/v2\/product\/14796","targetHints":{"allow":["GET"]}}],"collection":[{"href":"https:\/\/www.museuhistoricosl.com.br\/loja\/wp-json\/wp\/v2\/product"}],"about":[{"href":"https:\/\/www.museuhistoricosl.com.br\/loja\/wp-json\/wp\/v2\/types\/product"}],"replies":[{"embeddable":true,"href":"https:\/\/www.museuhistoricosl.com.br\/loja\/wp-json\/wp\/v2\/comments?post=14796"}],"wp:featuredmedia":[{"embeddable":true,"href":"https:\/\/www.museuhistoricosl.com.br\/loja\/wp-json\/wp\/v2\/media\/14795"}],"wp:attachment":[{"href":"https:\/\/www.museuhistoricosl.com.br\/loja\/wp-json\/wp\/v2\/media?parent=14796"}],"wp:term":[{"taxonomy":"product_cat","embeddable":true,"href":"https:\/\/www.museuhistoricosl.com.br\/loja\/wp-json\/wp\/v2\/product_cat?post=14796"},{"taxonomy":"product_tag","embeddable":true,"href":"https:\/\/www.museuhistoricosl.com.br\/loja\/wp-json\/wp\/v2\/product_tag?post=14796"}],"curies":[{"name":"wp","href":"https:\/\/api.w.org\/{rel}","templated":true}]}}