{"id":14674,"date":"2021-12-29T14:25:04","date_gmt":"2021-12-29T17:25:04","guid":{"rendered":"https:\/\/www.museuhistoricosl.com.br\/loja\/produto\/sl019-fd-0165\/"},"modified":"2021-12-29T14:25:04","modified_gmt":"2021-12-29T17:25:04","slug":"sl019-fd-0165","status":"publish","type":"product","link":"https:\/\/www.museuhistoricosl.com.br\/loja\/produto\/sl019-fd-0165\/","title":{"rendered":"SL019-FD-0165"},"content":{"rendered":"<p>Cemit\u00e9rio Municipal de S\u00e3o Leopoldo, homenagem ao Dr. Hillebrand: deposi\u00e7\u00e3o de coroa e toque do &#8220;Sil\u00eancio&#8221; por clarins do Ex\u00e9rcito. Da esquerda para a direita: Telmo Lauro M\u00fcller, Henrique da Costa Prieto, vice-prefeito Jos\u00e9 Ant\u00f4nio Kanan Buz, Tem. Cel. Severino de Ramos Bento da Paix\u00e3o, comandante do 16oGACAP &#8211; C\u00f3digo anterior de cat\u00e1logo:FD 19,165; Cemit\u00e9rios; <\/p>\n","protected":false},"excerpt":{"rendered":"<p>Cemit\u00e9rio Municipal de S\u00e3o Leopoldo, homenagem ao Dr. Hillebrand: deposi\u00e7\u00e3o de coroa e toque do &#8220;Sil\u00eancio&#8221; por clarins do Ex\u00e9rcito.<\/p>\n","protected":false},"featured_media":14673,"comment_status":"open","ping_status":"closed","template":"","meta":{"_acf_changed":false},"product_cat":[48],"product_tag":[],"class_list":["post-14674","product","type-product","status-publish","has-post-thumbnail","hentry","product_cat-cemiterios"],"acf":[],"_links":{"self":[{"href":"https:\/\/www.museuhistoricosl.com.br\/loja\/wp-json\/wp\/v2\/product\/14674","targetHints":{"allow":["GET"]}}],"collection":[{"href":"https:\/\/www.museuhistoricosl.com.br\/loja\/wp-json\/wp\/v2\/product"}],"about":[{"href":"https:\/\/www.museuhistoricosl.com.br\/loja\/wp-json\/wp\/v2\/types\/product"}],"replies":[{"embeddable":true,"href":"https:\/\/www.museuhistoricosl.com.br\/loja\/wp-json\/wp\/v2\/comments?post=14674"}],"wp:featuredmedia":[{"embeddable":true,"href":"https:\/\/www.museuhistoricosl.com.br\/loja\/wp-json\/wp\/v2\/media\/14673"}],"wp:attachment":[{"href":"https:\/\/www.museuhistoricosl.com.br\/loja\/wp-json\/wp\/v2\/media?parent=14674"}],"wp:term":[{"taxonomy":"product_cat","embeddable":true,"href":"https:\/\/www.museuhistoricosl.com.br\/loja\/wp-json\/wp\/v2\/product_cat?post=14674"},{"taxonomy":"product_tag","embeddable":true,"href":"https:\/\/www.museuhistoricosl.com.br\/loja\/wp-json\/wp\/v2\/product_tag?post=14674"}],"curies":[{"name":"wp","href":"https:\/\/api.w.org\/{rel}","templated":true}]}}