{"id":14474,"date":"2021-12-29T14:23:49","date_gmt":"2021-12-29T17:23:49","guid":{"rendered":"https:\/\/www.museuhistoricosl.com.br\/loja\/produto\/sl019-fd-0065\/"},"modified":"2021-12-29T14:23:49","modified_gmt":"2021-12-29T17:23:49","slug":"sl019-fd-0065","status":"publish","type":"product","link":"https:\/\/www.museuhistoricosl.com.br\/loja\/produto\/sl019-fd-0065\/","title":{"rendered":"SL019-FD-0065"},"content":{"rendered":"<p>Cemit\u00e9rio Evang\u00e9lico de Nova Gon\u00e7alves, munic\u00edpio de Cangu\u00e7\u00fa &#8211; Capela da Comunidade. &#8211; C\u00f3digo anterior de cat\u00e1logo:FD 19,65; Cemit\u00e9rios; <\/p>\n","protected":false},"excerpt":{"rendered":"<p>Cemit\u00e9rio Evang\u00e9lico de Nova Gon\u00e7alves, munic\u00edpio de Cangu\u00e7\u00fa &#8211; Capela da Comunidade. &#8211; C\u00f3digo anterior de cat\u00e1logo:FD 19,65; Cemit\u00e9rios;<\/p>\n","protected":false},"featured_media":14473,"comment_status":"open","ping_status":"closed","template":"","meta":{"_acf_changed":false},"product_cat":[48],"product_tag":[],"class_list":["post-14474","product","type-product","status-publish","has-post-thumbnail","hentry","product_cat-cemiterios"],"acf":[],"_links":{"self":[{"href":"https:\/\/www.museuhistoricosl.com.br\/loja\/wp-json\/wp\/v2\/product\/14474","targetHints":{"allow":["GET"]}}],"collection":[{"href":"https:\/\/www.museuhistoricosl.com.br\/loja\/wp-json\/wp\/v2\/product"}],"about":[{"href":"https:\/\/www.museuhistoricosl.com.br\/loja\/wp-json\/wp\/v2\/types\/product"}],"replies":[{"embeddable":true,"href":"https:\/\/www.museuhistoricosl.com.br\/loja\/wp-json\/wp\/v2\/comments?post=14474"}],"wp:featuredmedia":[{"embeddable":true,"href":"https:\/\/www.museuhistoricosl.com.br\/loja\/wp-json\/wp\/v2\/media\/14473"}],"wp:attachment":[{"href":"https:\/\/www.museuhistoricosl.com.br\/loja\/wp-json\/wp\/v2\/media?parent=14474"}],"wp:term":[{"taxonomy":"product_cat","embeddable":true,"href":"https:\/\/www.museuhistoricosl.com.br\/loja\/wp-json\/wp\/v2\/product_cat?post=14474"},{"taxonomy":"product_tag","embeddable":true,"href":"https:\/\/www.museuhistoricosl.com.br\/loja\/wp-json\/wp\/v2\/product_tag?post=14474"}],"curies":[{"name":"wp","href":"https:\/\/api.w.org\/{rel}","templated":true}]}}