{"id":14420,"date":"2021-12-29T14:23:28","date_gmt":"2021-12-29T17:23:28","guid":{"rendered":"https:\/\/www.museuhistoricosl.com.br\/loja\/produto\/sl019-fd-0038\/"},"modified":"2021-12-29T14:23:28","modified_gmt":"2021-12-29T17:23:28","slug":"sl019-fd-0038","status":"publish","type":"product","link":"https:\/\/www.museuhistoricosl.com.br\/loja\/produto\/sl019-fd-0038\/","title":{"rendered":"SL019-FD-0038"},"content":{"rendered":"<p>Cemit\u00e9rio S\u00e3o Jos\u00e9 de Hort\u00eancia \u2013 Emilio M. M\u00fcller e Prof. K. J. Schmeling.  &#8211; C\u00f3digo anterior de cat\u00e1logo:FD 19,38; Cemit\u00e9rios; <\/p>\n","protected":false},"excerpt":{"rendered":"<p>Cemit\u00e9rio S\u00e3o Jos\u00e9 de Hort\u00eancia \u2013 Emilio M. M\u00fcller e Prof. K. J. Schmeling. &#8211; C\u00f3digo anterior de cat\u00e1logo:FD 19,38;<\/p>\n","protected":false},"featured_media":14419,"comment_status":"open","ping_status":"closed","template":"","meta":{"_acf_changed":false},"product_cat":[48],"product_tag":[],"class_list":["post-14420","product","type-product","status-publish","has-post-thumbnail","hentry","product_cat-cemiterios"],"acf":[],"_links":{"self":[{"href":"https:\/\/www.museuhistoricosl.com.br\/loja\/wp-json\/wp\/v2\/product\/14420","targetHints":{"allow":["GET"]}}],"collection":[{"href":"https:\/\/www.museuhistoricosl.com.br\/loja\/wp-json\/wp\/v2\/product"}],"about":[{"href":"https:\/\/www.museuhistoricosl.com.br\/loja\/wp-json\/wp\/v2\/types\/product"}],"replies":[{"embeddable":true,"href":"https:\/\/www.museuhistoricosl.com.br\/loja\/wp-json\/wp\/v2\/comments?post=14420"}],"wp:featuredmedia":[{"embeddable":true,"href":"https:\/\/www.museuhistoricosl.com.br\/loja\/wp-json\/wp\/v2\/media\/14419"}],"wp:attachment":[{"href":"https:\/\/www.museuhistoricosl.com.br\/loja\/wp-json\/wp\/v2\/media?parent=14420"}],"wp:term":[{"taxonomy":"product_cat","embeddable":true,"href":"https:\/\/www.museuhistoricosl.com.br\/loja\/wp-json\/wp\/v2\/product_cat?post=14420"},{"taxonomy":"product_tag","embeddable":true,"href":"https:\/\/www.museuhistoricosl.com.br\/loja\/wp-json\/wp\/v2\/product_tag?post=14420"}],"curies":[{"name":"wp","href":"https:\/\/api.w.org\/{rel}","templated":true}]}}